{"id":6203,"date":"2024-12-16T09:07:10","date_gmt":"2024-12-16T08:07:10","guid":{"rendered":"http:\/\/localhost\/nautic.test\/wordpress\/?page_id=6203"},"modified":"2026-04-17T12:09:20","modified_gmt":"2026-04-17T10:09:20","slug":"check-in","status":"publish","type":"page","link":"http:\/\/www.nauticteam.com\/en\/check-in\/","title":{"rendered":"Check-In | Nautic Team Gozo"},"content":{"rendered":"<div data-elementor-type=\"wp-page\" data-elementor-id=\"6203\" class=\"elementor elementor-6203\">\n\t\t\t\t<div class=\"elementor-element elementor-element-5e818930 e-flex e-con-boxed e-con e-parent\" data-id=\"5e818930\" data-element_type=\"container\" data-e-type=\"container\">\n\t\t\t\t\t<div class=\"e-con-inner\">\n\t\t\t\t<div class=\"elementor-element elementor-element-232ed92 elementor-widget elementor-widget-heading\" data-id=\"232ed92\" data-element_type=\"widget\" data-e-type=\"widget\" data-widget_type=\"heading.default\">\n\t\t\t\t\t<h1 class=\"elementor-heading-title elementor-size-default\">Check-In Forms<\/h1>\t\t\t\t<\/div>\n\t\t\t\t<div class=\"elementor-element elementor-element-56baea9 elementor-widget elementor-widget-text-editor\" data-id=\"56baea9\" data-element_type=\"widget\" data-e-type=\"widget\" data-widget_type=\"text-editor.default\">\n\t\t\t\t\t\t\t\t\t<p>Would you like to make your check-in with us as relaxed and time-saving as possible?<\/p><p>This gives you the chance to prepare some of the documents in the comfort of your own home. If you bring them with you already completed, things will go much more quickly when you arrive, and we can focus straight away on your stay and your dives.<\/p>\t\t\t\t\t\t\t\t<\/div>\n\t\t<div class=\"elementor-element elementor-element-44b7229 e-grid e-con-full e-con e-child\" data-id=\"44b7229\" data-element_type=\"container\" data-e-type=\"container\">\n\t\t\t\t<div class=\"elementor-element elementor-element-4df0a50 elementor-widget elementor-widget-text-editor\" data-id=\"4df0a50\" data-element_type=\"widget\" data-e-type=\"widget\" data-widget_type=\"text-editor.default\">\n\t\t\t\t\t\t\t\t\t<h2 style=\"font-size: 1rem;\">You can print out the following check-in documents in advance and bring them with you, already completed:<\/h2><ul><li><a title=\"Check-In Forms\" href=\"https:\/\/nauticteam.com\/wp-content\/uploads\/2025\/02\/check-in-english-front-28.pdf\"><strong>Check-In Forms<\/strong><\/a><\/li><li><a title=\"Medical Statement\" href=\"https:\/\/nauticteam.com\/wp-content\/uploads\/2025\/02\/Medical-Statement.pdf\"><strong>Medical Statement<\/strong><\/a><\/li><\/ul><p>Bitte achtet au\u00dferdem darauf, eurer Brevet bzw. euren Taucherpass mitzubringen, da wir diesen f\u00fcr die Anmeldung und Dokumentation eurer Tauchaktivit\u00e4ten ben\u00f6tigen. Die geltenden <a class=\"underline underline underline-offset-2 decoration-1 decoration-current\/40 hover:decoration-current focus:decoration-current\" title=\"Tauchbestimmungen f\u00fcr Malta\" href=\"https:\/\/pdsa.org.mt\/rules-regulations\/\" target=\"_blank\" rel=\"noopener\">Tauchbestimmungen f\u00fcr Malta<\/a> findet ihr bei der PDSA<\/p><p>You must always submit a completed health declaration form. If your health declaration contains information that requires a medical certificate, please also bring a valid diving medical certificate with you. This ensures that you can enter the water safely and without any issues.<\/p>\t\t\t\t\t\t\t\t<\/div>\n\t\t\t\t<div class=\"elementor-element elementor-element-32ec427 elementor-widget elementor-widget-image\" data-id=\"32ec427\" data-element_type=\"widget\" data-e-type=\"widget\" data-widget_type=\"image.default\">\n\t\t\t\t\t\t\t\t\t\t\t\t\t\t\t<img fetchpriority=\"high\" decoding=\"async\" width=\"1024\" height=\"683\" src=\"https:\/\/www.nauticteam.com\/wp-content\/uploads\/2023\/01\/DSCF0203.jpg\" class=\"attachment-large size-large wp-image-4167\" alt=\"check-in\" \/>\t\t\t\t\t\t\t\t\t\t\t\t\t\t\t<\/div>\n\t\t\t\t<\/div>\n\t\t\t\t<div class=\"elementor-element elementor-element-852c52d elementor-widget elementor-widget-text-editor\" data-id=\"852c52d\" data-element_type=\"widget\" data-e-type=\"widget\" data-widget_type=\"text-editor.default\">\n\t\t\t\t\t\t\t\t\t<p>If you\u2019re unsure beforehand which documents are required in your case, we\u2019ll be happy to help. We\u2019ve summarised some frequently asked questions in the next section.<\/p>\t\t\t\t\t\t\t\t<\/div>\n\t\t\t\t<div class=\"elementor-element elementor-element-bb20b8b e-n-tabs-mobile elementor-widget elementor-widget-n-tabs\" data-id=\"bb20b8b\" data-element_type=\"widget\" data-e-type=\"widget\" data-widget_type=\"nested-tabs.default\">\n\t\t\t\t\t\t\t<div class=\"e-n-tabs\" data-widget-number=\"196217739\" aria-label=\"Tabs. Open items with Enter or Space, close with Escape and navigate using the Arrow keys.\">\n\t\t\t<div class=\"e-n-tabs-heading\" role=\"tablist\">\n\t\t\t\t\t<button id=\"e-n-tab-title-1962177391\" data-tab-title-id=\"e-n-tab-title-1962177391\" class=\"e-n-tab-title\" aria-selected=\"true\" data-tab-index=\"1\" role=\"tab\" tabindex=\"0\" aria-controls=\"e-n-tab-content-1962177391\" style=\"--n-tabs-title-order: 1;\">\n\t\t\t\t\t\t<span class=\"e-n-tab-title-text\">\n\t\t\t\tDocuments\t\t\t<\/span>\n\t\t<\/button>\n\t\t\t\t<button id=\"e-n-tab-title-1962177392\" data-tab-title-id=\"e-n-tab-title-1962177392\" class=\"e-n-tab-title\" aria-selected=\"false\" data-tab-index=\"2\" role=\"tab\" tabindex=\"-1\" aria-controls=\"e-n-tab-content-1962177392\" style=\"--n-tabs-title-order: 2;\">\n\t\t\t\t\t\t<span class=\"e-n-tab-title-text\">\n\t\t\t\tCertification cards\t\t\t<\/span>\n\t\t<\/button>\n\t\t\t\t<button id=\"e-n-tab-title-1962177393\" data-tab-title-id=\"e-n-tab-title-1962177393\" class=\"e-n-tab-title\" aria-selected=\"false\" data-tab-index=\"3\" role=\"tab\" tabindex=\"-1\" aria-controls=\"e-n-tab-content-1962177393\" style=\"--n-tabs-title-order: 3;\">\n\t\t\t\t\t\t<span class=\"e-n-tab-title-text\">\n\t\t\t\tLogbook\t\t\t<\/span>\n\t\t<\/button>\n\t\t\t\t\t<\/div>\n\t\t\t<div class=\"e-n-tabs-content\">\n\t\t\t\t<div id=\"e-n-tab-content-1962177391\" role=\"tabpanel\" aria-labelledby=\"e-n-tab-title-1962177391\" data-tab-index=\"1\" style=\"--n-tabs-title-order: 1;\" class=\"e-active elementor-element elementor-element-db22314 e-con-full e-flex e-con e-child\" data-id=\"db22314\" data-element_type=\"container\" data-e-type=\"container\">\n\t\t\t\t<div class=\"elementor-element elementor-element-1e12111 elementor-widget elementor-widget-text-editor\" data-id=\"1e12111\" data-element_type=\"widget\" data-e-type=\"widget\" data-widget_type=\"text-editor.default\">\n\t\t\t\t\t\t\t\t\t<h3 style=\"font-size: 1rem;\">What should I do with the forms if I don\u2019t have a printer?<\/h3><p>You can fill in the forms directly on your computer or tablet. You can then simply email them back to us. There is no need to print them out.<\/p><h3 style=\"font-size: 1rem;\">By when should I complete and send the documents?<\/h3><p>It\u2019s best to fill in the documents a few days before your arrival and then bring them with you or email them back in advance. That way, we can check everything in advance and speed up your check-in on arrival.<\/p><h3 style=\"font-size: 1rem;\">Do I need to check the health declaration carefully beforehand?<\/h3><p>Yes, please read the health declaration carefully. Depending on the information provided, a diving medical certificate may be required. If you do not have one, you must make sure to allow enough time before your holiday to book an appointment with your sports doctor.<\/p><h3 style=\"font-size: 1rem;\">Can I fill in the forms when I get there?<\/h3><p>Yes, that\u2019s possible. You can also fill in or complete all the documents on the spot. However, check-in will then take a little longer than if you\u2019d prepared them in advance.<\/p>\t\t\t\t\t\t\t\t<\/div>\n\t\t\t\t<\/div>\n\t\t<div id=\"e-n-tab-content-1962177392\" role=\"tabpanel\" aria-labelledby=\"e-n-tab-title-1962177392\" data-tab-index=\"2\" style=\"--n-tabs-title-order: 2;\" class=\"elementor-element elementor-element-03c0c42 e-con-full e-flex e-con e-child\" data-id=\"03c0c42\" data-element_type=\"container\" data-e-type=\"container\">\n\t\t\t\t<div class=\"elementor-element elementor-element-1f0a671 elementor-widget elementor-widget-text-editor\" data-id=\"1f0a671\" data-element_type=\"widget\" data-e-type=\"widget\" data-widget_type=\"text-editor.default\">\n\t\t\t\t\t\t\t\t\t<h3 style=\"font-size: 1rem;\">Do I need to bring my diving certificate with me when I check in?<\/h3><p>Yes, your diving certificate is required for check-in. It serves as official proof of your diving training and is required as evidence.<\/p><h3 style=\"font-size: 1rem;\">Is a digital certificate sufficient?<\/h3><p>Yes, in most cases a digital licence (e.g. on a smartphone or tablet) is perfectly adequate. It is important that all the relevant information is clearly legible.<\/p><h3 style=\"font-size: 1rem;\">What happens if I don't have my diving certificate with me?<\/h3><p>You cannot go diving without valid proof of your diving qualification. If you can\u2019t find your certificate, please contact us in advance so that we can find a solution.<\/p><h3 style=\"font-size: 1rem;\">Will my certificate be checked on site?<\/h3><p>Yes, we\u2019ll check your certification at check-in to ensure you\u2019re diving in line with your training and experience.<\/p>\t\t\t\t\t\t\t\t<\/div>\n\t\t\t\t<\/div>\n\t\t<div id=\"e-n-tab-content-1962177393\" role=\"tabpanel\" aria-labelledby=\"e-n-tab-title-1962177393\" data-tab-index=\"3\" style=\"--n-tabs-title-order: 3;\" class=\"elementor-element elementor-element-7e6329e e-con-full e-flex e-con e-child\" data-id=\"7e6329e\" data-element_type=\"container\" data-e-type=\"container\">\n\t\t\t\t<div class=\"elementor-element elementor-element-0125333 elementor-widget elementor-widget-text-editor\" data-id=\"0125333\" data-element_type=\"widget\" data-e-type=\"widget\" data-widget_type=\"text-editor.default\">\n\t\t\t\t\t\t\t\t\t<h3 style=\"font-size: 1rem;\">Do I need to bring my logbook with me when I go diving?<\/h3><p>No, your logbook isn\u2019t compulsory. However, it is helpful for better assessing your diving experience to date.<\/p><h3 style=\"font-size: 1rem;\">Is a digital logbook sufficient?<\/h3><p>Yes, a digital logbook is perfectly adequate. You can simply show it on your smartphone or tablet.<\/p><h3 style=\"font-size: 1rem;\">Why is a logbook useful?<\/h3><p>A logbook helps us to better assess your experience and recommend suitable dives and dive sites. This is particularly helpful when it comes to new or more challenging sites.<\/p><h3 style=\"font-size: 1rem;\">What happens if I don\u2019t have a logbook?<\/h3><p>No problem \u2013 you can still dive with us even without a logbook. In that case, we\u2019ll rely on your certification and the personal chat we have with you at check-in.<\/p>\t\t\t\t\t\t\t\t<\/div>\n\t\t\t\t<\/div>\n\t\t\t\t\t<\/div>\n\t\t<\/div>\n\t\t\t\t\t\t<\/div>\n\t\t\t\t<div class=\"elementor-element elementor-element-45b30f6 elementor-widget-divider--view-line elementor-widget elementor-widget-divider\" data-id=\"45b30f6\" data-element_type=\"widget\" data-e-type=\"widget\" data-widget_type=\"divider.default\">\n\t\t\t\t\t\t\t<div class=\"elementor-divider\">\n\t\t\t<span class=\"elementor-divider-separator\">\n\t\t\t\t\t\t<\/span>\n\t\t<\/div>\n\t\t\t\t\t\t<\/div>\n\t\t\t\t<div class=\"elementor-element elementor-element-a347308 elementor-widget elementor-widget-text-editor\" data-id=\"a347308\" data-element_type=\"widget\" data-e-type=\"widget\" data-widget_type=\"text-editor.default\">\n\t\t\t\t\t\t\t\t\t<p data-start=\"264\" data-end=\"419\">If you\u2019re planning your stay with us, you\u2019ll find further information on the following pages that may help you get ready.<\/p><p data-start=\"421\" data-end=\"658\" class=\"translation-block\">In our <a href=\"https:\/\/www.nauticteam.com\/en\/faq\/\" target=\"_self\"><strong>FAQ<\/strong><\/a>, we answer common questions about bookings, procedures and practical matters on site. This is particularly helpful if you\u2019re still unsure about anything before your arrival or would like to clarify certain details.<\/p><p data-start=\"660\" data-end=\"896\" class=\"translation-block\">It\u2019s also worth taking a look at our <a href=\"https:\/\/www.nauticteam.com\/en\/divesites\/\" target=\"_self\"><strong>dive sites in Gozo and Malta<\/strong><\/a>. There you\u2019ll find an overview of our dive sites around Gozo and Malta, including brief descriptions of each spot.<\/p>\t\t\t\t\t\t\t\t<\/div>\n\t\t\t\t\t<\/div>\n\t\t\t\t<\/div>\n\t\t\t\t<\/div>","protected":false},"excerpt":{"rendered":"<p>Check-In Formulare Ihr m\u00f6chtet euren Check-in bei uns so entspannt und zeitsparend wie m\u00f6glich gestalten? Dann habt ihr die M\u00f6glichkeit, einige Dokumente bereits bequem zu Hause vorzubereiten. Wenn ihr diese bereits ausgef\u00fcllt mitbringt, geht es vor Ort deutlich schneller und wir k\u00f6nnen uns direkt auf euren Aufenthalt und eure Tauchg\u00e4nge konzentrieren. Folgende Check-In Unterlagen k\u00f6nnt &#8230; <a title=\"Check-In | Nautic Team Gozo\" class=\"read-more\" href=\"http:\/\/www.nauticteam.com\/en\/check-in\/\" aria-label=\"Read more about Check-In | Nautic Team Gozo\">Read more<\/a><\/p>","protected":false},"author":1,"featured_media":0,"parent":0,"menu_order":0,"comment_status":"closed","ping_status":"closed","template":"elementor_theme","meta":{"footnotes":""},"class_list":["post-6203","page","type-page","status-publish"],"_links":{"self":[{"href":"http:\/\/www.nauticteam.com\/en\/wp-json\/wp\/v2\/pages\/6203","targetHints":{"allow":["GET"]}}],"collection":[{"href":"http:\/\/www.nauticteam.com\/en\/wp-json\/wp\/v2\/pages"}],"about":[{"href":"http:\/\/www.nauticteam.com\/en\/wp-json\/wp\/v2\/types\/page"}],"author":[{"embeddable":true,"href":"http:\/\/www.nauticteam.com\/en\/wp-json\/wp\/v2\/users\/1"}],"replies":[{"embeddable":true,"href":"http:\/\/www.nauticteam.com\/en\/wp-json\/wp\/v2\/comments?post=6203"}],"version-history":[{"count":32,"href":"http:\/\/www.nauticteam.com\/en\/wp-json\/wp\/v2\/pages\/6203\/revisions"}],"predecessor-version":[{"id":90853,"href":"http:\/\/www.nauticteam.com\/en\/wp-json\/wp\/v2\/pages\/6203\/revisions\/90853"}],"wp:attachment":[{"href":"http:\/\/www.nauticteam.com\/en\/wp-json\/wp\/v2\/media?parent=6203"}],"curies":[{"name":"wp","href":"https:\/\/api.w.org\/{rel}","templated":true}]}}