{"id":1266,"date":"2016-04-26T22:16:34","date_gmt":"2016-04-26T22:16:34","guid":{"rendered":"http:\/\/www.nauticteam.com\/?page_id=1266"},"modified":"2026-04-05T09:12:37","modified_gmt":"2026-04-05T07:12:37","slug":"unterkuenfte","status":"publish","type":"page","link":"https:\/\/www.nauticteam.com\/en\/unterkuenfte\/","title":{"rendered":"Accommodations"},"content":{"rendered":"<div data-elementor-type=\"wp-page\" data-elementor-id=\"1266\" class=\"elementor elementor-1266\">\n\t\t\t\t<div class=\"elementor-element elementor-element-1b7850b2 e-flex e-con-boxed e-con e-parent\" data-id=\"1b7850b2\" data-element_type=\"container\" data-e-type=\"container\">\n\t\t\t\t\t<div class=\"e-con-inner\">\n\t\t\t\t<div class=\"elementor-element elementor-element-e1889b5 elementor-widget elementor-widget-heading\" data-id=\"e1889b5\" data-element_type=\"widget\" data-e-type=\"widget\" data-widget_type=\"heading.default\">\n\t\t\t\t\t<h1 class=\"elementor-heading-title elementor-size-default\">Accommodation on Gozo<\/h1>\t\t\t\t<\/div>\n\t\t\t\t<div class=\"elementor-element elementor-element-6565ba73 elementor-widget elementor-widget-text-editor\" data-id=\"6565ba73\" data-element_type=\"widget\" data-e-type=\"widget\" data-widget_type=\"text-editor.default\">\n\t\t\t\t\t\t\t\t\t<p>Here you'll find our accommodations in Marsalforn, Gozo. The selection ranges from apartments to guesthouses and hotels. All accommodations are centrally located near the sea and the dive center.<\/p><p>The stated prices are valid until <strong>December 2026, VAT included<\/strong><\/p><p>Please note that the offers and other prices listed are direct prices, meaning you organize your trip largely on your own and contact us directly on Gozo. Our booking offices in Germany, Switzerland, and Austria have different prices accordingly!<\/p><p class=\"translation-block\"><strong>Note:<\/strong>\u00a0there is a <a href=\"https:\/\/mta.com.mt\/environmental-contribution\/\" target=\"_blank\" rel=\"noopener\">tourist tax\/ECO tax<\/a> for overnight stays on Gozo and Malta<\/p><p>Until 30 June 2026 inclusive, this will be \u20ac0.50 per day per person, capped at \u20ac5 per person.<\/p><p class=\"translation-block\">From 1 July 2026, this tax will increase to \u20ac1.50 per day per person, capped at \u20ac22.50, which will be collected by the accommodation owners during the stay. The landlord will then issue a separate receipt for this.<\/p>\t\t\t\t\t\t\t\t<\/div>\n\t\t\t\t<div class=\"elementor-element elementor-element-7a6dce2 elementor-widget elementor-widget-heading\" data-id=\"7a6dce2\" data-element_type=\"widget\" data-e-type=\"widget\" data-widget_type=\"heading.default\">\n\t\t\t\t\t<h2 class=\"elementor-heading-title elementor-size-default\">Our accommodations<\/h2>\t\t\t\t<\/div>\n\t\t\t\t<div class=\"elementor-element elementor-element-dd9ee4e elementor-widget elementor-widget-shortcode\" data-id=\"dd9ee4e\" data-element_type=\"widget\" data-e-type=\"widget\" data-widget_type=\"shortcode.default\">\n\t\t\t\t\t\t\t<div class=\"elementor-shortcode\"><div class=\"unterkunft-liste\"><div class=\"unterkunft-item\"><div class=\"unterkunft-bild\"><a href=\"https:\/\/www.nauticteam.com\/en\/dolphin-apartments\/\"><img fetchpriority=\"high\" decoding=\"async\" width=\"300\" height=\"207\" src=\"https:\/\/www.nauticteam.com\/wp-content\/uploads\/2018\/12\/IMG_1374-1.jpg\" class=\"attachment-medium size-medium wp-post-image\" alt=\"Dolphin Apartments\" \/><\/a><\/div><div class=\"unterkunft-inhalt\"><h2><a href=\"https:\/\/www.nauticteam.com\/en\/dolphin-apartments\/\">Dolphin Apartments<\/a><\/h2><p>The Dolphin Apartments are located in Marsalforn, within walking distance of the dive center and the sea. Each apartment has its own terrasse or balcony.<\/p><a href=\"https:\/\/www.nauticteam.com\/en\/dolphin-apartments\/\">(more ...)<\/a><\/div><\/div><div class=\"unterkunft-item\"><div class=\"unterkunft-bild\"><a href=\"https:\/\/www.nauticteam.com\/en\/dolphin-penthouses\/\"><img decoding=\"async\" width=\"300\" height=\"200\" src=\"https:\/\/www.nauticteam.com\/wp-content\/uploads\/2016\/05\/dolphinpenthouse4.jpg\" class=\"attachment-medium size-medium wp-post-image\" alt=\"Dolphin Penthouses\" \/><\/a><\/div><div class=\"unterkunft-inhalt\"><h2><a href=\"https:\/\/www.nauticteam.com\/en\/dolphin-penthouses\/\">Dolphin Penthouses<\/a><\/h2><p>The Dolphin Penthouses are located in Marsalforn, within walking distance of the dive center and the sea.<\/p><a href=\"https:\/\/www.nauticteam.com\/en\/dolphin-penthouses\/\">(more ...)<\/a><\/div><\/div><div class=\"unterkunft-item\"><div class=\"unterkunft-bild\"><a href=\"https:\/\/www.nauticteam.com\/en\/lantern-guesthouse\/\"><img decoding=\"async\" width=\"300\" height=\"225\" src=\"https:\/\/www.nauticteam.com\/wp-content\/uploads\/2016\/05\/lantern2.jpg\" class=\"attachment-medium size-medium wp-post-image\" alt=\"Lantern Guesthouse\" \/><\/a><\/div><div class=\"unterkunft-inhalt\"><h2><a href=\"https:\/\/www.nauticteam.com\/en\/lantern-guesthouse\/\">Lantern Guesthouse<\/a><\/h2><p>The Lantern Guesthouse is located diagonally opposite the diving centre. This family-run establishment is simple, yet very clean and cosy. <\/p><a href=\"https:\/\/www.nauticteam.com\/en\/lantern-guesthouse\/\">(more ...)<\/a><\/div><\/div><div class=\"unterkunft-item\"><div class=\"unterkunft-bild\"><a href=\"https:\/\/www.nauticteam.com\/en\/maria-giovanna-guesthouse\/\"><img loading=\"lazy\" decoding=\"async\" width=\"300\" height=\"163\" src=\"https:\/\/www.nauticteam.com\/wp-content\/uploads\/2017\/11\/casagemelli2.jpg\" class=\"attachment-medium size-medium wp-post-image\" alt=\"Maria Giovanna guesthouse\" \/><\/a><\/div><div class=\"unterkunft-inhalt\"><h2><a href=\"https:\/\/www.nauticteam.com\/en\/maria-giovanna-guesthouse\/\">Maria Giovanna Guesthouse<\/a><\/h2><p>The Maria Giovanna Guesthouse is a family-run establishment. This authentic Maltese building is charmingly furnished and is located right across from the dive center. <\/p><a href=\"https:\/\/www.nauticteam.com\/en\/maria-giovanna-guesthouse\/\">(more ...)<\/a><\/div><\/div><div class=\"unterkunft-item\"><div class=\"unterkunft-bild\"><a href=\"https:\/\/www.nauticteam.com\/en\/murella-living-boutique-hotel\/\"><img loading=\"lazy\" decoding=\"async\" width=\"300\" height=\"200\" src=\"https:\/\/www.nauticteam.com\/wp-content\/uploads\/2017\/11\/Murella-3848.jpg\" class=\"attachment-medium size-medium wp-post-image\" alt=\"Murella living unterk\u00fcnfte\" \/><\/a><\/div><div class=\"unterkunft-inhalt\"><h2><a href=\"https:\/\/www.nauticteam.com\/en\/murella-living-boutique-hotel\/\">Murella Living Boutique Hotel<\/a><\/h2><p>Murella Living is a modern accommodation offering 24 individually designed rooms, inspired by Gozo\u2019s landmarks and traditional motifs.<\/p><a href=\"https:\/\/www.nauticteam.com\/en\/murella-living-boutique-hotel\/\">(more ...)<\/a><\/div><\/div><\/div><\/div>\n\t\t\t\t\t\t<\/div>\n\t\t\t\t<div class=\"elementor-element elementor-element-a2aadbd elementor-widget-divider--view-line elementor-widget elementor-widget-divider\" data-id=\"a2aadbd\" data-element_type=\"widget\" data-e-type=\"widget\" data-widget_type=\"divider.default\">\n\t\t\t\t\t\t\t<div class=\"elementor-divider\">\n\t\t\t<span class=\"elementor-divider-separator\">\n\t\t\t\t\t\t<\/span>\n\t\t<\/div>\n\t\t\t\t\t\t<\/div>\n\t\t\t\t<div class=\"elementor-element elementor-element-f5fa39a elementor-widget elementor-widget-text-editor\" data-id=\"f5fa39a\" data-element_type=\"widget\" data-e-type=\"widget\" data-widget_type=\"text-editor.default\">\n\t\t\t\t\t\t\t\t\t<p class=\"translation-block\">Already found the perfect accommodation but not sure how to get from the airport to us? We're happy to help organise your <a class=\"underline underline underline-offset-2 decoration-1 decoration-current\/40 hover:decoration-current focus:decoration-current\" title=\"Airport Transfer\" href=\"https:\/\/www.nauticteam.com\/en\/unterkuenfte\/transfer\/\" target=\"_self\">airport transfer<\/a> from Malta to Gozo. Or would you like more flexibility to explore the island? Then our<a class=\"underline underline underline-offset-2 decoration-1 decoration-current\/40 hover:decoration-current focus:decoration-current\" title=\"Rental Cars\" href=\"https:\/\/www.nauticteam.com\/en\/mietwagen\/\" target=\"_self\"> car rental service <\/a>might be just what you need.<\/p>\t\t\t\t\t\t\t\t<\/div>\n\t\t\t\t\t<\/div>\n\t\t\t\t<\/div>\n\t\t\t\t<\/div>","protected":false},"excerpt":{"rendered":"<p>Unterk\u00fcnfte auf Gozo Hier findest du unsere Unterk\u00fcnfte in Marsalforn auf Gozo. Die Auswahl reicht von Apartments bis hin zu Guesthouses und Hotels. Alle Unterk\u00fcnfte liegen in zentraler Lage nahe Meer und Tauchbasis. Die genannten Preise gelten bis zum Dezember 2026 inkl. Mwst Bitte bedenkt bei den Angeboten und anderen Preisen, dass es sich um &#8230; <a title=\"Murella Living Boutique Hotel\" class=\"read-more\" href=\"https:\/\/www.nauticteam.com\/en\/murella-living-boutique-hotel\/\" aria-label=\"Read more about Murella Living Boutique Hotel\">Read more<\/a><\/p>","protected":false},"author":1,"featured_media":0,"parent":0,"menu_order":0,"comment_status":"closed","ping_status":"closed","template":"elementor_theme","meta":{"footnotes":""},"class_list":["post-1266","page","type-page","status-publish","hentry"],"_links":{"self":[{"href":"https:\/\/www.nauticteam.com\/en\/wp-json\/wp\/v2\/pages\/1266","targetHints":{"allow":["GET"]}}],"collection":[{"href":"https:\/\/www.nauticteam.com\/en\/wp-json\/wp\/v2\/pages"}],"about":[{"href":"https:\/\/www.nauticteam.com\/en\/wp-json\/wp\/v2\/types\/page"}],"author":[{"embeddable":true,"href":"https:\/\/www.nauticteam.com\/en\/wp-json\/wp\/v2\/users\/1"}],"replies":[{"embeddable":true,"href":"https:\/\/www.nauticteam.com\/en\/wp-json\/wp\/v2\/comments?post=1266"}],"version-history":[{"count":25,"href":"https:\/\/www.nauticteam.com\/en\/wp-json\/wp\/v2\/pages\/1266\/revisions"}],"predecessor-version":[{"id":90753,"href":"https:\/\/www.nauticteam.com\/en\/wp-json\/wp\/v2\/pages\/1266\/revisions\/90753"}],"wp:attachment":[{"href":"https:\/\/www.nauticteam.com\/en\/wp-json\/wp\/v2\/media?parent=1266"}],"curies":[{"name":"wp","href":"https:\/\/api.w.org\/{rel}","templated":true}]}}