{"id":1273,"date":"2016-04-27T00:23:46","date_gmt":"2016-04-27T00:23:46","guid":{"rendered":"http:\/\/www.nauticteam.com\/?page_id=1273"},"modified":"2026-04-06T12:50:42","modified_gmt":"2026-04-06T10:50:42","slug":"agb","status":"publish","type":"page","link":"https:\/\/www.nauticteam.com\/en\/agb\/","title":{"rendered":"AGB"},"content":{"rendered":"<p class=\"bodytext\"><b>Wir m\u00f6chten alle darauf hinweisen, dass ab dem 01.09.2014 folgende Stornokosten erhoben werden:<\/b><\/p>\n<table class=\"contenttable\">\n<tbody>\n<tr>\n<td>Bis 60 Tage vor Reisebeginn<\/td>\n<td>keine Stornogeb\u00fchr<\/td>\n<\/tr>\n<tr>\n<td>59 \u2013 20 Tage vor Reisebeginn<\/td>\n<td>30% der Unterkunftskosten<\/td>\n<\/tr>\n<tr>\n<td>19 \u2013 7 Tage vor Reisebeginn<\/td>\n<td>50% der Unterkunftskosten<\/td>\n<\/tr>\n<tr>\n<td>6 Tage und weniger vor Reisebeginn<\/td>\n<td>100% der Unterkunftskosten<\/td>\n<\/tr>\n<\/tbody>\n<\/table>\n<p class=\"bodytext\">Aufgrund mehrfacher Ausf\u00e4lle, vor allem kurzfristiger Absagen und daraus resultierender endloser Diskussionen mit den Besitzern der Hotels und Appartements, sehen wir uns leider gezwungen, diesen ( eigentlich \u00fcblichen ) Schritt zu tun. Wir danken f\u00fcr Euer Verst\u00e4ndnis und Eure Kooperation.<\/p>\n<p class=\"bodytext\"><b>Vertragsbedingungen Nautic Team Gozo Ltd. (AGBs)<\/b><\/p>\n<p>Mit der Einreichung des unterschriebenen Anmeldeformulars f\u00fcr das betreffende Seminar, hat sich der<br \/>\nTeilnehmer verbindlich angemeldet. Der Unterzeichner ist mit den nachfolgend aufgef\u00fchrten<br \/>\nVertragsbedingungen einverstanden. Er best\u00e4tigt dies per E-Mail, Fax oder Brief auf dem Anmeldeformular<br \/>\nvon Nautic Team Gozo LTD..<\/p>\n<p><strong>1.0 Abschluss<\/strong><br \/>\nMit der E-Mail\/Fax\/Brief- Best\u00e4tigung ist das Seminar von Nautic Team Gozo LTD. fest gebucht.<\/p>\n<p><strong>2.0 Zahlungsbedingungen<\/strong><br \/>\nMit der Best\u00e4tigung wird ein Drittel der Seminarkosten bis sp\u00e4testens 14 Tage vor Kursbeginn f\u00e4llig. Die<br \/>\nBankverbindung f\u00fcr die Zahlung steht auf dem Anmeldeformular und unten in der Fu\u00dfzeile.<br \/>\nAlle Seminarpreise sind inklusive MwSt.<\/p>\n<p><strong>3.0 Zusatzleistungen<\/strong><br \/>\nZusatzleistungen w\u00e4hrend des Seminars, die nicht in der Seminarausschreibung aufgef\u00fchrt wurden, sind<br \/>\nkein\u00a0 Bestandteil dieses Vertrages. Die Seminarausschreibung ist aktuell (Unterschriftsdatum der Anmeldung)<br \/>\nunter www.nauticteam.com zu finden.<\/p>\n<p><strong>4.0 Mindestteilnehmerzahl<\/strong><br \/>\nNautic Team Gozo Ltd.\u00a0 ist berechtigt, das vereinbarte Seminar abzusagen, wenn die Mindestteilnehmerzahl von 3<br \/>\nPersonen nicht erreicht worden ist. Die Absage muss dem Teilnehmer sp\u00e4testens am 7. Tag vor dem<br \/>\nvertraglich vereinbarten Seminarbeginn per E-Mail, Fax oder Brief zugehen. Bereits geleistete Zahlungen<br \/>\nwerden unverz\u00fcglich an den Teilnehmer zur\u00fcck\u00fcberwiesen.<\/p>\n<p><strong>5.0 Seminarbedingungen<\/strong><br \/>\nDer Seminarleiter ist berechtigt, Entscheidungen hinsichtlich Anfangs- und Endzeiten des Seminars nach<br \/>\nBedarf festzulegen. Der Seminarleiter ist im Bedarfsfall berechtigt, kurzfristig einen Vertreter einzusetzen.<br \/>\nAlle Seminarteile werden gem\u00e4\u00df der Ausschreibung durchgef\u00fchrt. F\u00fcr die Pr\u00e4sentation der Inhalte ist der<br \/>\nSeminarleiter zust\u00e4ndig.<br \/>\nDer Seminarleiter hat die Berechtigung, Personen die das Seminar st\u00f6ren oder behindern bzw. den<br \/>\nSeminaranforderungen nicht gen\u00fcgen, vom Seminar auszuschlie\u00dfen. Es besteht hierbei kein Recht auf<br \/>\nR\u00fcckzahlung der Seminargeb\u00fchr.<br \/>\nNachteile aus nicht rechtzeitigem Erscheinen hat der Seminarteilnehmer selbst zu verantworten.<br \/>\nDie Seminarteilnehmer werden angehalten eine pers\u00f6nliche Versicherung zur Abdeckung von<br \/>\nGesundheitssch\u00e4den bzw. Materialverlusten abzuschlie\u00dfen. Es besteht seitens Nautic Team Gozo Ltd. keine Haftung.<br \/>\nWir weisen hierbei insbesondere auf den Transport und die Lagerung von Ausr\u00fcstungs- und<br \/>\nWertgegenst\u00e4nden hin. Der Seminarleiter ist berechtigt, die Inhalte des Seminars zu \u00e4ndern, falls ein Dozent<br \/>\nausf\u00e4llt oder geplante R\u00e4umlichkeiten sowie eingeplante Vortragstechnik nicht zur Verf\u00fcgung stehen, die nicht<br \/>\nunter der Verwaltung von Nautic Team Gozo Ltd. stehen.<\/p>\n<p><strong>6.0 R\u00fccktritt des Teilnehmers vom Seminar<\/strong><br \/>\nDer Teilnehmer kann jederzeit von dem Seminar zur\u00fccktreten. Der R\u00fccktritt muss schriftlich erfolgen.<br \/>\nNautic Team Gozo Ltd. ist berechtigt eine pauschalierte Entsch\u00e4digung zu verlangen.<br \/>\nDie pauschalierten R\u00fccktrittskosten betragen f\u00fcr das vereinbarte Seminar:<br \/>\nab dem 6. Tag vor Kursbeginn: 100%, davor: 50% vom Gesamtpreis<br \/>\nWir empfehlen den Abschluss einer Seminarr\u00fccktrittsversicherung (z. B. \u00fcber www.erv.de)<\/p>\n<p><strong>7.0 Salvatorische Klausel<\/strong><br \/>\nDie Unwirksamkeit einzelner Bestimmungen hat nicht die Unwirksamkeit des gesamten Vertrages zur Folge.<\/p>\n<p><strong>8.0 Allgemeines<\/strong><br \/>\nM\u00fcndliche Absprachen sind nur wirksam, wenn sie von Nautic Team Gozo Ltd. schriftlich best\u00e4tigt worden sind.<br \/>\nAlle personenbezogenen Daten, die von Nautic Team Gozo Ltd.zur Verf\u00fcgung gestellt werden, sind gem\u00e4\u00df Bundesgesetz<br \/>\ngegen missbr\u00e4uchliche Verwendung gesch\u00fctzt.<br \/>\nBei rechtlichen Auseinandersetzungen gilt GOZO als Gerichtsstand vereinbart.<\/p>\n<p>Nautic Team Gozo Ltd. \u2013 Telefon +356 21 558507 &#8211;\u00a0 www.nauticteam.com &#8211;\u00a0 Bankverbindung: HSBC-Victoria,<br \/>\nRepublic Street, GOZO\/Malta, Konto: 071134381001, IBAN: MT45MMEB44716000000071134381001<br \/>\nBIC: MMEBMTMT &#8211;\u00a0 Inhaber: Nautic Team Gozo Ltd. \u2013 info@nauticteam.com \u2013 Steuer Id. MT 1320-5408<\/p>\n<p class=\"bodytext\">","protected":false},"excerpt":{"rendered":"<p>Wir m\u00f6chten alle darauf hinweisen, dass ab dem 01.09.2014 folgende Stornokosten erhoben werden: Bis 60 Tage vor Reisebeginn keine Stornogeb\u00fchr 59 \u2013 20 Tage vor Reisebeginn 30% der Unterkunftskosten 19 \u2013 7 Tage vor Reisebeginn 50% der Unterkunftskosten 6 Tage und weniger vor Reisebeginn 100% der Unterkunftskosten Aufgrund mehrfacher Ausf\u00e4lle, vor allem kurzfristiger Absagen und &#8230; <a title=\"AGB\" class=\"read-more\" href=\"https:\/\/www.nauticteam.com\/en\/agb\/\" aria-label=\"Read more about AGB\">Read more<\/a><\/p>","protected":false},"author":1,"featured_media":0,"parent":0,"menu_order":0,"comment_status":"closed","ping_status":"open","template":"","meta":{"footnotes":""},"class_list":["post-1273","page","type-page","status-publish"],"_links":{"self":[{"href":"https:\/\/www.nauticteam.com\/en\/wp-json\/wp\/v2\/pages\/1273","targetHints":{"allow":["GET"]}}],"collection":[{"href":"https:\/\/www.nauticteam.com\/en\/wp-json\/wp\/v2\/pages"}],"about":[{"href":"https:\/\/www.nauticteam.com\/en\/wp-json\/wp\/v2\/types\/page"}],"author":[{"embeddable":true,"href":"https:\/\/www.nauticteam.com\/en\/wp-json\/wp\/v2\/users\/1"}],"replies":[{"embeddable":true,"href":"https:\/\/www.nauticteam.com\/en\/wp-json\/wp\/v2\/comments?post=1273"}],"version-history":[{"count":1,"href":"https:\/\/www.nauticteam.com\/en\/wp-json\/wp\/v2\/pages\/1273\/revisions"}],"predecessor-version":[{"id":90770,"href":"https:\/\/www.nauticteam.com\/en\/wp-json\/wp\/v2\/pages\/1273\/revisions\/90770"}],"wp:attachment":[{"href":"https:\/\/www.nauticteam.com\/en\/wp-json\/wp\/v2\/media?parent=1273"}],"curies":[{"name":"wp","href":"https:\/\/api.w.org\/{rel}","templated":true}]}}