{"id":4174,"date":"2023-02-07T17:02:39","date_gmt":"2023-02-07T17:02:39","guid":{"rendered":"https:\/\/www.nauticteam.com\/?p=4174"},"modified":"2026-04-02T15:38:57","modified_gmt":"2026-04-02T13:38:57","slug":"mietwagen","status":"publish","type":"page","link":"https:\/\/www.nauticteam.com\/en\/mietwagen\/","title":{"rendered":"Rental Cars"},"content":{"rendered":"\t\t<div data-elementor-type=\"wp-post\" data-elementor-id=\"4174\" class=\"elementor elementor-4174\">\n\t\t\t\t<div class=\"elementor-element elementor-element-7296ffe5 e-flex e-con-boxed e-con e-parent\" data-id=\"7296ffe5\" data-element_type=\"container\" data-e-type=\"container\">\n\t\t\t\t\t<div class=\"e-con-inner\">\n\t\t\t\t<div class=\"elementor-element elementor-element-5545647 elementor-widget elementor-widget-heading\" data-id=\"5545647\" data-element_type=\"widget\" data-e-type=\"widget\" data-widget_type=\"heading.default\">\n\t\t\t\t\t<h1 class=\"elementor-heading-title elementor-size-default\">Mietwagen<\/h1>\t\t\t\t<\/div>\n\t\t\t\t<div class=\"elementor-element elementor-element-66334ad5 elementor-widget elementor-widget-text-editor\" data-id=\"66334ad5\" data-element_type=\"widget\" data-e-type=\"widget\" data-widget_type=\"text-editor.default\">\n\t\t\t\t\t\t\t\t\t<p class=\"font-claude-response-body break-words whitespace-normal leading-[1.7]\">Mit einem eigenen Mietwagen erkundet ihr Gozo ganz nach eurem Tempo \u2013 von versteckten Buchten bis zu den markanten Felsformationen der Insel. Ob ihr morgens zur Tauchbasis fahren, nachmittags die K\u00fcste entlangfahren oder einfach flexibel unterwegs sein wollt: Wir helfen euch unkompliziert bei der Vermittlung.<\/p><p class=\"font-claude-response-body break-words whitespace-normal leading-[1.7]\">Unsere Rolle dabei ist die des Vermittlers \u2013 wir leiten eure Anfrage direkt an unsere lokale Autovermietung auf Gozo weiter und k\u00fcmmern uns darum, dass ihr schnell und unkompliziert euren Mietwagen erhaltet. Vertragsabschluss und Bezahlung erfolgen dann direkt mit der Autovermietung vor Ort bei Fahrzeug\u00fcbergabe \u2013 transparent, ohne Umwege und ohne versteckte Zusatzkosten durch uns.<\/p>\t\t\t\t\t\t\t\t<\/div>\n\t\t\t\t<div class=\"elementor-element elementor-element-bae871f elementor-widget-divider--view-line elementor-widget elementor-widget-divider\" data-id=\"bae871f\" data-element_type=\"widget\" data-e-type=\"widget\" data-widget_type=\"divider.default\">\n\t\t\t\t\t\t\t<div class=\"elementor-divider\">\n\t\t\t<span class=\"elementor-divider-separator\">\n\t\t\t\t\t\t<\/span>\n\t\t<\/div>\n\t\t\t\t\t\t<\/div>\n\t\t\t\t<div class=\"elementor-element elementor-element-ad8a321 elementor-widget elementor-widget-heading\" data-id=\"ad8a321\" data-element_type=\"widget\" data-e-type=\"widget\" data-widget_type=\"heading.default\">\n\t\t\t\t\t<h2 class=\"elementor-heading-title elementor-size-default\">Wichtige Hinweise f\u00fcr Mietwagen:<\/h2>\t\t\t\t<\/div>\n\t\t<div class=\"elementor-element elementor-element-d85f7a7 e-grid e-con-full e-con e-child\" data-id=\"d85f7a7\" data-element_type=\"container\" data-e-type=\"container\">\n\t\t\t\t<div class=\"elementor-element elementor-element-6d0a9da elementor-view-framed elementor-position-inline-start elementor-shape-circle elementor-mobile-position-block-start elementor-widget elementor-widget-icon-box\" data-id=\"6d0a9da\" data-element_type=\"widget\" data-e-type=\"widget\" data-widget_type=\"icon-box.default\">\n\t\t\t\t\t\t\t<div class=\"elementor-icon-box-wrapper\">\n\n\t\t\t\t\t\t<div class=\"elementor-icon-box-icon\">\n\t\t\t\t<span  class=\"elementor-icon\">\n\t\t\t\t<svg aria-hidden=\"true\" class=\"e-font-icon-svg e-far-map\" viewBox=\"0 0 576 512\" xmlns=\"http:\/\/www.w3.org\/2000\/svg\"><path d=\"M560.02 32c-1.96 0-3.98.37-5.96 1.16L384.01 96H384L212 35.28A64.252 64.252 0 0 0 191.76 32c-6.69 0-13.37 1.05-19.81 3.14L20.12 87.95A32.006 32.006 0 0 0 0 117.66v346.32C0 473.17 7.53 480 15.99 480c1.96 0 3.97-.37 5.96-1.16L192 416l172 60.71a63.98 63.98 0 0 0 40.05.15l151.83-52.81A31.996 31.996 0 0 0 576 394.34V48.02c0-9.19-7.53-16.02-15.98-16.02zM224 90.42l128 45.19v285.97l-128-45.19V90.42zM48 418.05V129.07l128-44.53v286.2l-.64.23L48 418.05zm480-35.13l-128 44.53V141.26l.64-.24L528 93.95v288.97z\"><\/path><\/svg>\t\t\t\t<\/span>\n\t\t\t<\/div>\n\t\t\t\n\t\t\t\t\t\t<div class=\"elementor-icon-box-content\">\n\n\t\t\t\t\t\t\t\t\t<h3 class=\"elementor-icon-box-title\">\n\t\t\t\t\t\t<span  >\n\t\t\t\t\t\t\tnur auf Gozo\t\t\t\t\t\t<\/span>\n\t\t\t\t\t<\/h3>\n\t\t\t\t\n\t\t\t\t\t\t\t\t\t<p class=\"elementor-icon-box-description\">\n\t\t\t\t\t\tUnser Mietwagen-Service bezieht sich ausschlie\u00dflich auf Gozo.\n\nDie Fahrzeugvermittlung erfolgt nur auf der Insel und nicht f\u00fcr Transfers vom oder zum Flughafen Malta.\t\t\t\t\t<\/p>\n\t\t\t\t\n\t\t\t<\/div>\n\t\t\t\n\t\t<\/div>\n\t\t\t\t\t\t<\/div>\n\t\t\t\t<div class=\"elementor-element elementor-element-dc50c0b elementor-view-framed elementor-position-inline-start elementor-shape-circle elementor-mobile-position-block-start elementor-widget elementor-widget-icon-box\" data-id=\"dc50c0b\" data-element_type=\"widget\" data-e-type=\"widget\" data-widget_type=\"icon-box.default\">\n\t\t\t\t\t\t\t<div class=\"elementor-icon-box-wrapper\">\n\n\t\t\t\t\t\t<div class=\"elementor-icon-box-icon\">\n\t\t\t\t<span  class=\"elementor-icon\">\n\t\t\t\t<svg aria-hidden=\"true\" class=\"e-font-icon-svg e-fas-plane-arrival\" viewBox=\"0 0 640 512\" xmlns=\"http:\/\/www.w3.org\/2000\/svg\"><path d=\"M624 448H16c-8.84 0-16 7.16-16 16v32c0 8.84 7.16 16 16 16h608c8.84 0 16-7.16 16-16v-32c0-8.84-7.16-16-16-16zM44.81 205.66l88.74 80a62.607 62.607 0 0 0 25.47 13.93l287.6 78.35c26.48 7.21 54.56 8.72 81 1.36 29.67-8.27 43.44-21.21 47.25-35.71 3.83-14.5-1.73-32.71-23.37-54.96-19.28-19.82-44.35-32.79-70.83-40l-97.51-26.56L282.8 30.22c-1.51-5.81-5.95-10.35-11.66-11.91L206.05.58c-10.56-2.88-20.9 5.32-20.71 16.44l47.92 164.21-102.2-27.84-27.59-67.88c-1.93-4.89-6.01-8.57-11.02-9.93L52.72 64.75c-10.34-2.82-20.53 5-20.72 15.88l.23 101.78c.19 8.91 6.03 17.34 12.58 23.25z\"><\/path><\/svg>\t\t\t\t<\/span>\n\t\t\t<\/div>\n\t\t\t\n\t\t\t\t\t\t<div class=\"elementor-icon-box-content\">\n\n\t\t\t\t\t\t\t\t\t<h3 class=\"elementor-icon-box-title\">\n\t\t\t\t\t\t<span  >\n\t\t\t\t\t\t\tTransfer Malta \u2192 Gozo\t\t\t\t\t\t<\/span>\n\t\t\t\t\t<\/h3>\n\t\t\t\t\n\t\t\t\t\t\t\t\t\t<p class=\"elementor-icon-box-description\">\n\t\t\t\t\t\tIhr sucht einen Weg, um von Malta nach Gozo zu kommen? Gerne unterst\u00fctzen wir euch bei der Organisation eines passenden <a href=\"https:\/\/www.nauticteam.com\/unterkuenfte\/transfer\/\">Flughafentransfers von Malta nach Gozo<\/a>.\t\t\t\t\t<\/p>\n\t\t\t\t\n\t\t\t<\/div>\n\t\t\t\n\t\t<\/div>\n\t\t\t\t\t\t<\/div>\n\t\t\t\t<div class=\"elementor-element elementor-element-74e9179 elementor-view-framed elementor-position-inline-start elementor-shape-circle elementor-mobile-position-block-start elementor-widget elementor-widget-icon-box\" data-id=\"74e9179\" data-element_type=\"widget\" data-e-type=\"widget\" data-widget_type=\"icon-box.default\">\n\t\t\t\t\t\t\t<div class=\"elementor-icon-box-wrapper\">\n\n\t\t\t\t\t\t<div class=\"elementor-icon-box-icon\">\n\t\t\t\t<span  class=\"elementor-icon\">\n\t\t\t\t<svg aria-hidden=\"true\" class=\"e-font-icon-svg e-fas-water\" viewBox=\"0 0 576 512\" xmlns=\"http:\/\/www.w3.org\/2000\/svg\"><path d=\"M562.1 383.9c-21.5-2.4-42.1-10.5-57.9-22.9-14.1-11.1-34.2-11.3-48.2 0-37.9 30.4-107.2 30.4-145.7-1.5-13.5-11.2-33-9.1-46.7 1.8-38 30.1-106.9 30-145.2-1.7-13.5-11.2-33.3-8.9-47.1 2-15.5 12.2-36 20.1-57.7 22.4-7.9.8-13.6 7.8-13.6 15.7v32.2c0 9.1 7.6 16.8 16.7 16 28.8-2.5 56.1-11.4 79.4-25.9 56.5 34.6 137 34.1 192 0 56.5 34.6 137 34.1 192 0 23.3 14.2 50.9 23.3 79.1 25.8 9.1.8 16.7-6.9 16.7-16v-31.6c.1-8-5.7-15.4-13.8-16.3zm0-144c-21.5-2.4-42.1-10.5-57.9-22.9-14.1-11.1-34.2-11.3-48.2 0-37.9 30.4-107.2 30.4-145.7-1.5-13.5-11.2-33-9.1-46.7 1.8-38 30.1-106.9 30-145.2-1.7-13.5-11.2-33.3-8.9-47.1 2-15.5 12.2-36 20.1-57.7 22.4-7.9.8-13.6 7.8-13.6 15.7v32.2c0 9.1 7.6 16.8 16.7 16 28.8-2.5 56.1-11.4 79.4-25.9 56.5 34.6 137 34.1 192 0 56.5 34.6 137 34.1 192 0 23.3 14.2 50.9 23.3 79.1 25.8 9.1.8 16.7-6.9 16.7-16v-31.6c.1-8-5.7-15.4-13.8-16.3zm0-144C540.6 93.4 520 85.4 504.2 73 490.1 61.9 470 61.7 456 73c-37.9 30.4-107.2 30.4-145.7-1.5-13.5-11.2-33-9.1-46.7 1.8-38 30.1-106.9 30-145.2-1.7-13.5-11.2-33.3-8.9-47.1 2-15.5 12.2-36 20.1-57.7 22.4-7.9.8-13.6 7.8-13.6 15.7v32.2c0 9.1 7.6 16.8 16.7 16 28.8-2.5 56.1-11.4 79.4-25.9 56.5 34.6 137 34.1 192 0 56.5 34.6 137 34.1 192 0 23.3 14.2 50.9 23.3 79.1 25.8 9.1.8 16.7-6.9 16.7-16v-31.6c.1-8-5.7-15.4-13.8-16.3z\"><\/path><\/svg>\t\t\t\t<\/span>\n\t\t\t<\/div>\n\t\t\t\n\t\t\t\t\t\t<div class=\"elementor-icon-box-content\">\n\n\t\t\t\t\t\t\t\t\t<h3 class=\"elementor-icon-box-title\">\n\t\t\t\t\t\t<span  >\n\t\t\t\t\t\t\tFahrzeuge f\u00fcr Taucher\t\t\t\t\t\t<\/span>\n\t\t\t\t\t<\/h3>\n\t\t\t\t\n\t\t\t\t\t\t\t\t\t<p class=\"elementor-icon-box-description\">\n\t\t\t\t\t\tF\u00fcr Fahrzeuge zum Tauchen bzw. zum Transport von Tauchequipment bitte gezielt auf Fahrzeuge im zweiten Abschnitt der Preistabelle achten.\t\t\t\t\t<\/p>\n\t\t\t\t\n\t\t\t<\/div>\n\t\t\t\n\t\t<\/div>\n\t\t\t\t\t\t<\/div>\n\t\t\t\t<div class=\"elementor-element elementor-element-5562e6b elementor-view-framed elementor-position-inline-start elementor-shape-circle elementor-mobile-position-block-start elementor-widget elementor-widget-icon-box\" data-id=\"5562e6b\" data-element_type=\"widget\" data-e-type=\"widget\" data-widget_type=\"icon-box.default\">\n\t\t\t\t\t\t\t<div class=\"elementor-icon-box-wrapper\">\n\n\t\t\t\t\t\t<div class=\"elementor-icon-box-icon\">\n\t\t\t\t<span  class=\"elementor-icon\">\n\t\t\t\t<svg aria-hidden=\"true\" class=\"e-font-icon-svg e-fas-car-side\" viewBox=\"0 0 640 512\" xmlns=\"http:\/\/www.w3.org\/2000\/svg\"><path d=\"M544 192h-16L419.22 56.02A64.025 64.025 0 0 0 369.24 32H155.33c-26.17 0-49.7 15.93-59.42 40.23L48 194.26C20.44 201.4 0 226.21 0 256v112c0 8.84 7.16 16 16 16h48c0 53.02 42.98 96 96 96s96-42.98 96-96h128c0 53.02 42.98 96 96 96s96-42.98 96-96h48c8.84 0 16-7.16 16-16v-80c0-53.02-42.98-96-96-96zM160 432c-26.47 0-48-21.53-48-48s21.53-48 48-48 48 21.53 48 48-21.53 48-48 48zm72-240H116.93l38.4-96H232v96zm48 0V96h89.24l76.8 96H280zm200 240c-26.47 0-48-21.53-48-48s21.53-48 48-48 48 21.53 48 48-21.53 48-48 48z\"><\/path><\/svg>\t\t\t\t<\/span>\n\t\t\t<\/div>\n\t\t\t\n\t\t\t\t\t\t<div class=\"elementor-icon-box-content\">\n\n\t\t\t\t\t\t\t\t\t<h3 class=\"elementor-icon-box-title\">\n\t\t\t\t\t\t<span  >\n\t\t\t\t\t\t\tLinksverkehr in Malta &amp; Gozo\t\t\t\t\t\t<\/span>\n\t\t\t\t\t<\/h3>\n\t\t\t\t\n\t\t\t\t\t\t\t\t\t<p class=\"elementor-icon-box-description\">\n\t\t\t\t\t\tIn Malta und Gozo gilt Linksverkehr. \nBitte nehmt euch beim ersten Fahren etwas Zeit, um euch daran zu gew\u00f6hnen \u2013 besonders an Kreisverkehre.\n\nOffizielle Infos: <a href=\"https:\/\/www.adac.de\/reise-freizeit\/reiseplanung\/reiseziele\/malta\/fahrzeug\/\" target=\"_blank\" rel=\"noopener\">ADAC \u2013 Malta Fahrzeug &amp; Verkehr<\/a>\t\t\t\t\t<\/p>\n\t\t\t\t\n\t\t\t<\/div>\n\t\t\t\n\t\t<\/div>\n\t\t\t\t\t\t<\/div>\n\t\t\t\t<\/div>\n\t\t\t\t<div class=\"elementor-element elementor-element-08e3e5b elementor-widget-divider--view-line elementor-widget elementor-widget-divider\" data-id=\"08e3e5b\" data-element_type=\"widget\" data-e-type=\"widget\" data-widget_type=\"divider.default\">\n\t\t\t\t\t\t\t<div class=\"elementor-divider\">\n\t\t\t<span class=\"elementor-divider-separator\">\n\t\t\t\t\t\t<\/span>\n\t\t<\/div>\n\t\t\t\t\t\t<\/div>\n\t\t<div class=\"elementor-element elementor-element-a9599a0 e-con-full e-flex e-con e-child\" data-id=\"a9599a0\" data-element_type=\"container\" data-e-type=\"container\">\n\t\t\t\t<div class=\"elementor-element elementor-element-1fa9369 elementor-widget elementor-widget-text-editor\" data-id=\"1fa9369\" data-element_type=\"widget\" data-e-type=\"widget\" data-widget_type=\"text-editor.default\">\n\t\t\t\t\t\t\t\t\t<p class=\"font-claude-response-body break-words whitespace-normal leading-[1.7]\">Die Fahrzeugpalette reicht vom kompakten Stadtauto bis zum ger\u00e4umigen Taucher-Van. In der Vorsaison (1. November bis 31. M\u00e4rz) startet der Tagespreis bereits ab 18 EUR f\u00fcr ein Economy-Fahrzeug wie den Hyundai i10 oder Toyota Aygo. In der Hochsaison (15. Juni bis 30. September) liegen die Preise zwischen 25 EUR und 60 EUR pro Tag \u2013 je nach Kategorie und Fahrzeug.<\/p><p class=\"font-claude-response-body break-words whitespace-normal leading-[1.7]\">F\u00fcr Taucher stehen speziell ausgestattete Fahrzeuge bereit: der 4&#215;4 Maruti Gypsy, ein Pick-up Truck sowie ein gro\u00dfer VAN \u2013 alle bereits inklusive Vollkaskoschutz (CDW excess waiver).<\/p><p class=\"font-claude-response-body break-words whitespace-normal leading-[1.7]\">Bei den Standard-Fahrzeugen kann dieser Schutz f\u00fcr 6 EUR pro Tag (ab 4 Tagen) bzw. 10 EUR pro Tag (bei 1\u20133 Tagen) dazugebucht werden \u2013 wir empfehlen das ausdr\u00fccklich.<\/p><p class=\"font-claude-response-body break-words whitespace-normal leading-[1.7]\">Weitere Extras wie Kindersitz (ab 4 EUR\/Tag), Zusatzfahrer (ab 4 EUR\/Tag) oder Lieferung au\u00dferhalb der B\u00fcrozeiten (15 EUR) k\u00f6nnen flexibel hinzugebucht werden.<\/p>\t\t\t\t\t\t\t\t<\/div>\n\t\t\t\t<div class=\"elementor-element elementor-element-4d2b0cf elementor-widget elementor-widget-image\" data-id=\"4d2b0cf\" data-element_type=\"widget\" data-e-type=\"widget\" data-widget_type=\"image.default\">\n\t\t\t\t\t\t\t\t\t\t\t\t\t\t\t<img fetchpriority=\"high\" decoding=\"async\" width=\"862\" height=\"710\" src=\"https:\/\/www.nauticteam.com\/wp-content\/uploads\/2025\/02\/car-rental-2025.jpg\" class=\"attachment-large size-large wp-image-6539\" alt=\"Mietwagen\" srcset=\"https:\/\/www.nauticteam.com\/wp-content\/uploads\/2025\/02\/car-rental-2025.jpg 862w, https:\/\/www.nauticteam.com\/wp-content\/uploads\/2025\/02\/car-rental-2025-300x247.jpg 300w, https:\/\/www.nauticteam.com\/wp-content\/uploads\/2025\/02\/car-rental-2025-768x633.jpg 768w, https:\/\/www.nauticteam.com\/wp-content\/uploads\/2025\/02\/car-rental-2025-15x12.jpg 15w\" sizes=\"(max-width: 862px) 100vw, 862px\" \/>\t\t\t\t\t\t\t\t\t\t\t\t\t\t\t<\/div>\n\t\t\t\t<\/div>\n\t\t\t\t<div class=\"elementor-element elementor-element-c06a134 elementor-widget elementor-widget-text-editor\" data-id=\"c06a134\" data-element_type=\"widget\" data-e-type=\"widget\" data-widget_type=\"text-editor.default\">\n\t\t\t\t\t\t\t\t\t<p>Bitte f\u00fcllt das folgende Formular aus, damit eine Anfrage bei der Autovermietung unsererseits erfolgen kann. Wir werden diese dann umgehend weiterleiten und Euch eine entsprechende Best\u00e4tigung schicken.<\/p>\t\t\t\t\t\t\t\t<\/div>\n\t\t\t\t<div class=\"elementor-element elementor-element-4a41dac elementor-widget elementor-widget-html\" data-id=\"4a41dac\" data-element_type=\"widget\" data-e-type=\"widget\" data-widget_type=\"html.default\">\n\t\t\t\t\t<div id=\"kontaktformular\">\n<div class=\"wpcf7 no-js\" id=\"wpcf7-f4172-o1\" lang=\"de-DE\" dir=\"ltr\" data-wpcf7-id=\"4172\">\n<div class=\"screen-reader-response\"><p role=\"status\" aria-live=\"polite\" aria-atomic=\"true\"><\/p> <ul><\/ul><\/div>\n<form action=\"\/en\/wp-json\/wp\/v2\/pages\/4174#wpcf7-f4172-o1\" method=\"post\" class=\"wpcf7-form init\" aria-label=\"Kontaktformular\" novalidate=\"novalidate\" data-status=\"init\">\n<fieldset class=\"hidden-fields-container\"><input type=\"hidden\" name=\"_wpcf7\" value=\"4172\" \/><input type=\"hidden\" name=\"_wpcf7_version\" value=\"6.1.5\" \/><input type=\"hidden\" name=\"_wpcf7_locale\" value=\"de_DE\" \/><input type=\"hidden\" name=\"_wpcf7_unit_tag\" value=\"wpcf7-f4172-o1\" \/><input type=\"hidden\" name=\"_wpcf7_container_post\" value=\"0\" \/><input type=\"hidden\" name=\"_wpcf7_posted_data_hash\" value=\"\" \/>\n<\/fieldset>\n<div class=\"wpcf7-turnstile cf-turnstile\" data-sitekey=\"0x4AAAAAACtNmMX4d4jerDKc\" data-response-field-name=\"_wpcf7_turnstile_response\"><\/div>\n\n<div class=\"dwp-form\">\n\t<div class=\"dwp-form-row\">\n\t\t<div class=\"dwp-form-column col-6\">\n\t\t\t<p><label> Vorname<br \/>\n<span class=\"wpcf7-form-control-wrap\" data-name=\"vorname\"><input size=\"40\" maxlength=\"400\" class=\"wpcf7-form-control wpcf7-text wpcf7-validates-as-required\" aria-required=\"true\" aria-invalid=\"false\" value=\"\" type=\"text\" name=\"vorname\" \/><\/span> <\/label>\n\t\t\t<\/p>\n\t\t<\/div>\n\t\t<div class=\"dwp-form-column col-6\">\n\t\t\t<p><label> Nachname<br \/>\n<span class=\"wpcf7-form-control-wrap\" data-name=\"nachname\"><input size=\"40\" maxlength=\"400\" class=\"wpcf7-form-control wpcf7-text wpcf7-validates-as-required\" aria-required=\"true\" aria-invalid=\"false\" value=\"\" type=\"text\" name=\"nachname\" \/><\/span> <\/label>\n\t\t\t<\/p>\n\t\t<\/div>\n\t<\/div>\n\t<div class=\"dwp-form-row\">\n\t\t<div class=\"dwp-form-column col-6\">\n\t\t\t<p><label> E-Mail-Adresse<br \/>\n<span class=\"wpcf7-form-control-wrap\" data-name=\"your-email\"><input size=\"40\" maxlength=\"400\" class=\"wpcf7-form-control wpcf7-email wpcf7-validates-as-required wpcf7-text wpcf7-validates-as-email\" aria-required=\"true\" aria-invalid=\"false\" value=\"\" type=\"email\" name=\"your-email\" \/><\/span> <\/label>\n\t\t\t<\/p>\n\t\t<\/div>\n\t\t<div class=\"dwp-form-column col-6\">\n\t\t\t<p><label> Telefonnummer<br \/>\n<span class=\"wpcf7-form-control-wrap\" data-name=\"telephone\"><input size=\"40\" maxlength=\"400\" class=\"wpcf7-form-control wpcf7-tel wpcf7-validates-as-required wpcf7-text wpcf7-validates-as-tel\" aria-required=\"true\" aria-invalid=\"false\" placeholder=\"mit L\u00e4ndervorwahl z.B. +49\" value=\"\" type=\"tel\" name=\"telephone\" \/><\/span> <\/label>\n\t\t\t<\/p>\n\t\t<\/div>\n\t<\/div>\n\t<p>Mietzeitraum\n\t<\/p>\n\t<div class=\"dwp-form-row\">\n\t\t<div class=\"dwp-form-column col-2\">\n\t\t\t<p><label>von <span class=\"wpcf7-form-control-wrap\" data-name=\"date-987\"><input class=\"wpcf7-form-control wpcf7-date wpcf7-validates-as-required wpcf7-validates-as-date\" aria-required=\"true\" aria-invalid=\"false\" value=\"\" type=\"date\" name=\"date-987\" \/><\/span><\/label>\n\t\t\t<\/p>\n\t\t<\/div>\n\t\t<div class=\"dwp-form-column col-2\">\n\t\t\t<p><label>bis <span class=\"wpcf7-form-control-wrap\" data-name=\"date-988\"><input class=\"wpcf7-form-control wpcf7-date wpcf7-validates-as-required wpcf7-validates-as-date\" aria-required=\"true\" aria-invalid=\"false\" value=\"\" type=\"date\" name=\"date-988\" \/><\/span><\/label>\n\t\t\t<\/p>\n\t\t<\/div>\n\t\t<div class=\"dwp-form-column col-3\">\n\t\t\t<p><label>Auto<br \/>\n<span class=\"wpcf7-form-control-wrap\" data-name=\"Automarken\"><select class=\"wpcf7-form-control wpcf7-select wpcf7-validates-as-required\" aria-required=\"true\" aria-invalid=\"false\" name=\"Automarken\"><option value=\"Fahrzeugkategorie\">Fahrzeugkategorie<\/option><option value=\"Economy\">Economy<\/option><option value=\"Compact\">Compact<\/option><option value=\"Standard\">Standard<\/option><option value=\"AutoMatic\">AutoMatic<\/option><option value=\"Automatic\">Automatic<\/option><option value=\"VAN\">VAN<\/option><option value=\"4x4 Maruti Gypsy\">4x4 Maruti Gypsy<\/option><option value=\"DIVING - Pick up Truck\">DIVING - Pick up Truck<\/option><option value=\"DIVING - VAN\">DIVING - VAN<\/option><\/select><\/span><br \/>\n<\/label>\n\t\t\t<\/p>\n\t\t<\/div>\n\t\t<div class=\"dwp-form-column col-5\">\n\t\t<\/div>\n\t<\/div>\n\t<p>Lieferung\n\t<\/p>\n\t<div class=\"dwp-form-row\">\n\t\t<div class=\"dwp-form-column col-2\">\n\t\t\t<p><label>Datum <span class=\"wpcf7-form-control-wrap\" data-name=\"datelieferung\"><input class=\"wpcf7-form-control wpcf7-date wpcf7-validates-as-required wpcf7-validates-as-date\" aria-required=\"true\" aria-invalid=\"false\" value=\"\" type=\"date\" name=\"datelieferung\" \/><\/span><\/label>\n\t\t\t<\/p>\n\t\t<\/div>\n\t\t<div class=\"dwp-form-column col-2\">\n\t\t\t<p><label>Uhrzeit <span class=\"wpcf7-form-control-wrap\" data-name=\"Uhrzeit\"><select class=\"wpcf7-form-control wpcf7-select wpcf7-validates-as-required\" aria-required=\"true\" aria-invalid=\"false\" name=\"Uhrzeit\"><option value=\"08:30\">08:30<\/option><option value=\"09:00\">09:00<\/option><option value=\"09:30\">09:30<\/option><option value=\"10:00\">10:00<\/option><option value=\"10:30\">10:30<\/option><option value=\"11:00\">11:00<\/option><option value=\"11:30\">11:30<\/option><option value=\"12:00\">12:00<\/option><option value=\"12:30\">12:30<\/option><option value=\"13:00\">13:00<\/option><option value=\"13:30\">13:30<\/option><option value=\"14:00\">14:00<\/option><option value=\"14:30\">14:30<\/option><option value=\"15:00\">15:00<\/option><option value=\"15:30\">15:30<\/option><option value=\"16:00\">16:00<\/option><option value=\"16:30\">16:30<\/option><option value=\"17:00\">17:00<\/option><option value=\"17:30\">17:30<\/option><option value=\"18:00\">18:00<\/option><\/select><\/span><\/label>\n\t\t\t<\/p>\n\t\t<\/div>\n\t\t<div class=\"dwp-form-column col-8\">\n\t\t<\/div>\n\t<\/div>\n\t<div class=\"dwp-form-row\">\n\t\t<div class=\"dwp-form-column col-6\">\n\t\t\t<p><label>Adresse <span class=\"wpcf7-form-control-wrap\" data-name=\"Adresse\"><input size=\"40\" maxlength=\"400\" class=\"wpcf7-form-control wpcf7-text wpcf7-validates-as-required\" aria-required=\"true\" aria-invalid=\"false\" value=\"\" type=\"text\" name=\"Adresse\" \/><\/span><\/label>\n\t\t\t<\/p>\n\t\t<\/div>\n\t\t<div class=\"dwp-form-column col-6\">\n\t\t\t<p><label>Extras: <span class=\"wpcf7-form-control-wrap\" data-name=\"text-extras\"><input size=\"40\" maxlength=\"400\" class=\"wpcf7-form-control wpcf7-text\" aria-invalid=\"false\" placeholder=\"z.B. Babyschale, Kindersitz\" value=\"\" type=\"text\" name=\"text-extras\" \/><\/span><\/label>\n\t\t\t<\/p>\n\t\t<\/div>\n\t<\/div>\n\t<div>\n\t\t<p><input class=\"wpcf7-form-control wpcf7-submit has-spinner\" type=\"submit\" value=\"Senden\" \/>\n\t\t<\/p>\n\t<\/div>\n<\/div><div class=\"wpcf7-response-output\" aria-hidden=\"true\"><\/div>\n<\/form>\n<\/div>\n<\/div>\t\t\t\t<\/div>\n\t\t\t\t\t<\/div>\n\t\t\t\t<\/div>\n\t\t\t\t<\/div>\n\t\t","protected":false},"excerpt":{"rendered":"<p>Mietwagen Mit einem eigenen Mietwagen erkundet ihr Gozo ganz nach eurem Tempo \u2013 von versteckten Buchten bis zu den markanten Felsformationen der Insel. Ob ihr morgens zur Tauchbasis fahren, nachmittags die K\u00fcste entlangfahren oder einfach flexibel unterwegs sein wollt: Wir helfen euch unkompliziert bei der Vermittlung. Unsere Rolle dabei ist die des Vermittlers \u2013 wir &#8230; <a title=\"Rental Cars\" class=\"read-more\" href=\"https:\/\/www.nauticteam.com\/en\/mietwagen\/\" aria-label=\"Read more about Mietwagen\">Read more<\/a><\/p>","protected":false},"author":1,"featured_media":0,"parent":0,"menu_order":0,"comment_status":"closed","ping_status":"closed","template":"elementor_theme","meta":{"footnotes":""},"class_list":["post-4174","page","type-page","status-publish"],"_links":{"self":[{"href":"https:\/\/www.nauticteam.com\/en\/wp-json\/wp\/v2\/pages\/4174","targetHints":{"allow":["GET"]}}],"collection":[{"href":"https:\/\/www.nauticteam.com\/en\/wp-json\/wp\/v2\/pages"}],"about":[{"href":"https:\/\/www.nauticteam.com\/en\/wp-json\/wp\/v2\/types\/page"}],"author":[{"embeddable":true,"href":"https:\/\/www.nauticteam.com\/en\/wp-json\/wp\/v2\/users\/1"}],"replies":[{"embeddable":true,"href":"https:\/\/www.nauticteam.com\/en\/wp-json\/wp\/v2\/comments?post=4174"}],"version-history":[{"count":19,"href":"https:\/\/www.nauticteam.com\/en\/wp-json\/wp\/v2\/pages\/4174\/revisions"}],"predecessor-version":[{"id":90572,"href":"https:\/\/www.nauticteam.com\/en\/wp-json\/wp\/v2\/pages\/4174\/revisions\/90572"}],"wp:attachment":[{"href":"https:\/\/www.nauticteam.com\/en\/wp-json\/wp\/v2\/media?parent=4174"}],"curies":[{"name":"wp","href":"https:\/\/api.w.org\/{rel}","templated":true}]}}