{"id":5471,"date":"2024-12-06T10:15:00","date_gmt":"2024-12-06T09:15:00","guid":{"rendered":"http:\/\/localhost\/nautic.test\/wordpress\/?page_id=5471"},"modified":"2026-04-06T12:52:40","modified_gmt":"2026-04-06T10:52:40","slug":"impressum-2","status":"publish","type":"page","link":"https:\/\/www.nauticteam.com\/en\/impressum-2\/","title":{"rendered":"Imprint"},"content":{"rendered":"<div data-elementor-type=\"wp-page\" data-elementor-id=\"5471\" class=\"elementor elementor-5471\">\n\t\t\t\t<div class=\"elementor-element elementor-element-10832a4 e-flex e-con-boxed e-con e-parent\" data-id=\"10832a4\" data-element_type=\"container\" data-e-type=\"container\">\n\t\t\t\t\t<div class=\"e-con-inner\">\n\t\t\t\t<div class=\"elementor-element elementor-element-c45e6e4 elementor-widget elementor-widget-heading\" data-id=\"c45e6e4\" data-element_type=\"widget\" data-e-type=\"widget\" data-widget_type=\"heading.default\">\n\t\t\t\t\t<h2 class=\"elementor-heading-title elementor-size-default\">Imprint<\/h2>\t\t\t\t<\/div>\n\t\t\t\t<div class=\"elementor-element elementor-element-032e4c9 elementor-widget elementor-widget-text-editor\" data-id=\"032e4c9\" data-element_type=\"widget\" data-e-type=\"widget\" data-widget_type=\"text-editor.default\">\n\t\t\t\t\t\t\t\t\t<p data-start=\"238\" data-end=\"500\"><strong data-start=\"238\" data-end=\"253\">Firmenname:<\/strong> Nautic Team LTD<\/p><p data-start=\"238\" data-end=\"500\"><strong data-start=\"284\" data-end=\"310\">Sitz der Gesellschaft:<\/strong> Triq Il Vulcan, MFN1211 Marsalforn Gozo | Malta<\/p><p data-start=\"238\" data-end=\"500\"><strong data-start=\"346\" data-end=\"371\">Registrierungsnummer:<\/strong> C 17131<\/p><p data-start=\"238\" data-end=\"500\"><strong data-start=\"429\" data-end=\"449\">Gesch\u00e4ftsf\u00fchrer:<\/strong> Laura Mueller | Hubert Gregor Rentmeister<\/p><p data-start=\"238\" data-end=\"500\"><strong data-start=\"486\" data-end=\"498\">Kontakt:<\/strong><\/p><ul data-start=\"501\" data-end=\"596\"><li data-start=\"501\" data-end=\"534\">Telefon: +356 21 55 85 07<\/li><li data-start=\"535\" data-end=\"568\">E-Mail: info@nauticteam.com<\/li><li data-start=\"569\" data-end=\"596\">Webseite: www.nauticteam.com<\/li><\/ul><p data-start=\"598\" data-end=\"685\"><strong data-start=\"598\" data-end=\"667\">Umsatzsteuer-Identifikationsnummer (VAT-Nummer):<\/strong> MT13205408<\/p><p data-start=\"687\" data-end=\"856\"><strong data-start=\"687\" data-end=\"719\">Zust\u00e4ndige Aufsichtsbeh\u00f6rde:<\/strong> Malta Business Registry (MBR)<br data-start=\"749\" data-end=\"752\" \/>Adresse: AM Business Centre, Triq il-Labour, Zejtun, Malta<br data-start=\"810\" data-end=\"813\" \/>Website: <a href=\"https:\/\/mbr.mt\" target=\"_new\" rel=\"noopener\" data-start=\"822\" data-end=\"854\">https:\/\/mbr.mt<\/a><\/p><p data-start=\"858\" data-end=\"1052\"><strong data-start=\"858\" data-end=\"881\">Haftungsausschluss:<\/strong><br data-start=\"881\" data-end=\"884\" \/>Alle Inhalte dieser Webseite wurden mit gr\u00f6\u00dfter Sorgfalt erstellt. F\u00fcr die Richtigkeit, Vollst\u00e4ndigkeit und Aktualit\u00e4t der Inhalte \u00fcbernehmen wir jedoch keine Gew\u00e4hr.<\/p><p data-start=\"1054\" data-end=\"1195\"><strong data-start=\"1054\" data-end=\"1071\">Urheberrecht:<\/strong><br data-start=\"1071\" data-end=\"1074\" \/>Die durch die Seitenbetreiber erstellten Inhalte und Werke auf diesen Seiten unterliegen dem maltesischen Urheberrecht.<\/p>\t\t\t\t\t\t\t\t<\/div>\n\t\t\t\t\t<\/div>\n\t\t\t\t<\/div>\n\t\t\t\t<\/div>","protected":false},"excerpt":{"rendered":"<p>Impressum Firmenname: Nautic Team LTD Sitz der Gesellschaft: Triq Il Vulcan, MFN1211 Marsalforn Gozo | Malta Registrierungsnummer: C 17131 Gesch\u00e4ftsf\u00fchrer: Laura Mueller | Hubert Gregor Rentmeister Kontakt: Telefon: +356 21 55 85 07 E-Mail: info@nauticteam.com Webseite: www.nauticteam.com Umsatzsteuer-Identifikationsnummer (VAT-Nummer): MT13205408 Zust\u00e4ndige Aufsichtsbeh\u00f6rde: Malta Business Registry (MBR)Adresse: AM Business Centre, Triq il-Labour, Zejtun, MaltaWebsite: https:\/\/mbr.mt Haftungsausschluss:Alle &#8230; <a title=\"Imprint\" class=\"read-more\" href=\"https:\/\/www.nauticteam.com\/en\/impressum-2\/\" aria-label=\"Read more about Impressum\">Read more<\/a><\/p>","protected":false},"author":1,"featured_media":0,"parent":0,"menu_order":0,"comment_status":"closed","ping_status":"closed","template":"elementor_theme","meta":{"footnotes":""},"class_list":["post-5471","page","type-page","status-publish"],"_links":{"self":[{"href":"https:\/\/www.nauticteam.com\/en\/wp-json\/wp\/v2\/pages\/5471","targetHints":{"allow":["GET"]}}],"collection":[{"href":"https:\/\/www.nauticteam.com\/en\/wp-json\/wp\/v2\/pages"}],"about":[{"href":"https:\/\/www.nauticteam.com\/en\/wp-json\/wp\/v2\/types\/page"}],"author":[{"embeddable":true,"href":"https:\/\/www.nauticteam.com\/en\/wp-json\/wp\/v2\/users\/1"}],"replies":[{"embeddable":true,"href":"https:\/\/www.nauticteam.com\/en\/wp-json\/wp\/v2\/comments?post=5471"}],"version-history":[{"count":1,"href":"https:\/\/www.nauticteam.com\/en\/wp-json\/wp\/v2\/pages\/5471\/revisions"}],"predecessor-version":[{"id":90772,"href":"https:\/\/www.nauticteam.com\/en\/wp-json\/wp\/v2\/pages\/5471\/revisions\/90772"}],"wp:attachment":[{"href":"https:\/\/www.nauticteam.com\/en\/wp-json\/wp\/v2\/media?parent=5471"}],"curies":[{"name":"wp","href":"https:\/\/api.w.org\/{rel}","templated":true}]}}