{"id":6125,"date":"2024-12-13T15:00:26","date_gmt":"2024-12-13T14:00:26","guid":{"rendered":"http:\/\/localhost\/nautic.test\/wordpress\/?page_id=6125"},"modified":"2026-04-02T09:40:49","modified_gmt":"2026-04-02T07:40:49","slug":"i-a-c-hoehlentauchen","status":"publish","type":"page","link":"https:\/\/www.nauticteam.com\/en\/i-a-c-hoehlentauchen\/","title":{"rendered":"i.a.c. Cave Diving"},"content":{"rendered":"<div data-elementor-type=\"wp-page\" data-elementor-id=\"6125\" class=\"elementor elementor-6125\">\n\t\t\t\t<div class=\"elementor-element elementor-element-a8e3784 e-flex e-con-boxed e-con e-parent\" data-id=\"a8e3784\" data-element_type=\"container\" data-e-type=\"container\">\n\t\t\t\t\t<div class=\"e-con-inner\">\n\t\t\t\t<div class=\"elementor-element elementor-element-fdc1c38 elementor-widget elementor-widget-text-editor\" data-id=\"fdc1c38\" data-element_type=\"widget\" data-e-type=\"widget\" data-widget_type=\"text-editor.default\">\n\t\t\t\t\t\t\t\t\t<h1 class=\"double\">Cave Diving <br \/>i.a.c. Training Program<\/h1><h6 class=\"double\">The entrance to a mystical world.<\/h6>\t\t\t\t\t\t\t\t<\/div>\n\t\t\t\t<div class=\"elementor-element elementor-element-36564bb elementor-widget elementor-widget-text-editor\" data-id=\"36564bb\" data-element_type=\"widget\" data-e-type=\"widget\" data-widget_type=\"text-editor.default\">\n\t\t\t\t\t\t\t\t\t<h5 data-start=\"261\" data-end=\"297\">Cave\/Cavern Diving in Malta &amp; Gozo<\/h5><p data-start=\"298\" data-end=\"570\">Cave diving is one of the most fascinating and challenging disciplines in diving. Crystal clear water, spectacular light effects and mysterious rock formations make the underwater caves around Gozo and Malta a unique experience.<\/p><p data-start=\"572\" data-end=\"987\">With the <strong data-start=\"580\" data-end=\"613\">i.a.c. Cave Diving Program<\/strong> we accompany you step by step from your first encounter with the cave environment to challenging dives in overhead areas. Safety and sound training are our top priorities \u2013 our experienced instructors not only show you the right technique, but also give you the confidence you need to fully enjoy these adventures.<\/p><p data-start=\"989\" data-end=\"1317\">Whether you are looking to get started with <strong data-start=\"1021\" data-end=\"1037\">Cavern Diver<\/strong> or want to progress to <strong data-start=\"1066\" data-end=\"1080\">Cave Diver<\/strong> we will prepare you professionally for both course levels. In addition to training, we also offer <strong data-start=\"1198\" data-end=\"1227\">guided cave dives<\/strong> for already certified cave divers who want to experience the most beautiful spots in Gozo.<\/p><p data-start=\"1319\" data-end=\"1448\">If you are looking for the adventure of cave diving, you have come to the right place: <strong data-start=\"1394\" data-end=\"1445\">varied, professional, unforgettable<\/strong>.<\/p><p>Overhead environment\u2014only a little daylight or complete darkness. Many aspects differ from recreational diving: a direct ascent to the surface is not always possible, lines are used for navigation, and redundant safety systems are always carried. In our cave diving courses, you will learn how to navigate properly in a cave, how to lay lines, and the essential principles for self and buddy safety.<\/p>\t\t\t\t\t\t\t\t<\/div>\n\t\t\t\t<div class=\"elementor-element elementor-element-a4c2884 elementor-widget elementor-widget-n-accordion\" data-id=\"a4c2884\" data-element_type=\"widget\" data-e-type=\"widget\" data-settings=\"{&quot;default_state&quot;:&quot;all_collapsed&quot;,&quot;max_items_expended&quot;:&quot;one&quot;,&quot;n_accordion_animation_duration&quot;:{&quot;unit&quot;:&quot;ms&quot;,&quot;size&quot;:400,&quot;sizes&quot;:[]}}\" data-widget_type=\"nested-accordion.default\">\n\t\t\t\t\t\t\t<div class=\"e-n-accordion\" aria-label=\"Accordion. Open links with Enter or Space, close with Escape, and navigate with Arrow Keys\">\n\t\t\t\t\t\t<details id=\"e-n-accordion-item-1720\" class=\"e-n-accordion-item\" >\n\t\t\t\t<summary class=\"e-n-accordion-item-title\" data-accordion-index=\"1\" tabindex=\"0\" aria-expanded=\"false\" aria-controls=\"e-n-accordion-item-1720\" >\n\t\t\t\t\t<span class='e-n-accordion-item-title-header'><div class=\"e-n-accordion-item-title-text\"> i.a.c. Cavern Diver <\/div><\/span>\n\t\t\t\t\t\t\t<span class='e-n-accordion-item-title-icon'>\n\t\t\t<span class='e-opened' ><svg aria-hidden=\"true\" class=\"e-font-icon-svg e-fas-angle-up\" viewbox=\"0 0 320 512\" xmlns=\"http:\/\/www.w3.org\/2000\/svg\"><path d=\"M177 159.7l136 136c9.4 9.4 9.4 24.6 0 33.9l-22.6 22.6c-9.4 9.4-24.6 9.4-33.9 0L160 255.9l-96.4 96.4c-9.4 9.4-24.6 9.4-33.9 0L7 329.7c-9.4-9.4-9.4-24.6 0-33.9l136-136c9.4-9.5 24.6-9.5 34-.1z\"><\/path><\/svg><\/span>\n\t\t\t<span class='e-closed'><svg aria-hidden=\"true\" class=\"e-font-icon-svg e-fas-angle-down\" viewbox=\"0 0 320 512\" xmlns=\"http:\/\/www.w3.org\/2000\/svg\"><path d=\"M143 352.3L7 216.3c-9.4-9.4-9.4-24.6 0-33.9l22.6-22.6c9.4-9.4 24.6-9.4 33.9 0l96.4 96.4 96.4-96.4c9.4-9.4 24.6-9.4 33.9 0l22.6 22.6c9.4 9.4 9.4 24.6 0 33.9l-136 136c-9.2 9.4-24.4 9.4-33.8 0z\"><\/path><\/svg><\/span>\n\t\t<\/span>\n\n\t\t\t\t\t\t<\/summary>\n\t\t\t\t<div role=\"region\" aria-labelledby=\"e-n-accordion-item-1720\" class=\"elementor-element elementor-element-01d2a13 e-grid e-con-boxed e-con e-child\" data-id=\"01d2a13\" data-element_type=\"container\" data-e-type=\"container\">\n\t\t\t\t\t<div class=\"e-con-inner\">\n\t\t\t\t<div class=\"elementor-element elementor-element-95ea8ef elementor-widget elementor-widget-text-editor\" data-id=\"95ea8ef\" data-element_type=\"widget\" data-e-type=\"widget\" data-widget_type=\"text-editor.default\">\n\t\t\t\t\t\t\t\t\t<div class=\"su-column su-column-size-1-2\"><div class=\"su-column-inner su-u-clearfix su-u-trim\"><p><strong>Course objective<br \/><\/strong>For recreational divers seeking an introduction to the world of cave diving, the Cavern Course is the perfect entry point into the three-part cave diving program. The i.a.c. Cavern Diver Course is the first level of the i.a.c. cave diving training, which ultimately leads to the Full Cave certification.<\/p><p><img fetchpriority=\"high\" decoding=\"async\" class=\"alignnone wp-image-3800 size-full\" src=\"https:\/\/www.nauticteam.com\/wp-content\/uploads\/2021\/10\/DSC04539.jpg\" alt=\"h\u00f6hlen und grottentauchen beim nautic team - taucher in grotte. H\u00f6hlentauchen auf Gozo\" width=\"1144\" height=\"763\" \/><\/p><p><strong>Course content<br \/><\/strong>Theoretical Training: Safety standards, additional equipment for Zone 1, Archimedes' principle, dive planning and calculations, cave maps &amp; behavior in low visibility, physiology and psychology of cavern diving, environmental considerations, and emergency management.<\/p><p>Practical Training: At least 4 dives in open water or cavern zone with scuba equipment, gear adjustment, proper guideline deployment, diving without light along the line, out-of-air scenarios, and underwater distance swimming.<\/p><\/div><\/div>\t\t\t\t\t\t\t\t<\/div>\n\t\t\t\t<div class=\"elementor-element elementor-element-d418511 elementor-widget elementor-widget-text-editor\" data-id=\"d418511\" data-element_type=\"widget\" data-e-type=\"widget\" data-widget_type=\"text-editor.default\">\n\t\t\t\t\t\t\t\t\t<p><strong><b>Requirements<\/b><\/strong><\/p><ul><li>Minimum 17 years<\/li><li>CMAS** or equivalent<\/li><li>At least 35 dives of which 4 need to be night dives<\/li><li>Declaration of health and, if required, a diving medical certificate (see <a href=\"https:\/\/www.nauticteam.com\/en\/check-in\/\">here)<\/a><\/li><\/ul><p><strong>Course duration<br \/><\/strong>For the i.a.c. Cavern Diver course, you should plan for approximately 3 days. In addition to the theoretical training, we will conduct 4 dives.<\/p><p><strong>Included services:<br \/><\/strong>4 dives, transportation to dive sites from land, use of spool and reels, theory and certification included.<\/p><p style=\"text-align: right;\"><strong>Price: 410,00\u20ac per Person<br \/><\/strong>(plus rental equipment, if required)<\/p>\t\t\t\t\t\t\t\t<\/div>\n\t\t\t\t\t<\/div>\n\t\t\t\t<\/div>\n\t\t\t\t\t<\/details>\n\t\t\t\t\t\t<details id=\"e-n-accordion-item-1721\" class=\"e-n-accordion-item\" >\n\t\t\t\t<summary class=\"e-n-accordion-item-title\" data-accordion-index=\"2\" tabindex=\"-1\" aria-expanded=\"false\" aria-controls=\"e-n-accordion-item-1721\" >\n\t\t\t\t\t<span class='e-n-accordion-item-title-header'><div class=\"e-n-accordion-item-title-text\"> i.a.c. Cave Diver <\/div><\/span>\n\t\t\t\t\t\t\t<span class='e-n-accordion-item-title-icon'>\n\t\t\t<span class='e-opened' ><svg aria-hidden=\"true\" class=\"e-font-icon-svg e-fas-angle-up\" viewbox=\"0 0 320 512\" xmlns=\"http:\/\/www.w3.org\/2000\/svg\"><path d=\"M177 159.7l136 136c9.4 9.4 9.4 24.6 0 33.9l-22.6 22.6c-9.4 9.4-24.6 9.4-33.9 0L160 255.9l-96.4 96.4c-9.4 9.4-24.6 9.4-33.9 0L7 329.7c-9.4-9.4-9.4-24.6 0-33.9l136-136c9.4-9.5 24.6-9.5 34-.1z\"><\/path><\/svg><\/span>\n\t\t\t<span class='e-closed'><svg aria-hidden=\"true\" class=\"e-font-icon-svg e-fas-angle-down\" viewbox=\"0 0 320 512\" xmlns=\"http:\/\/www.w3.org\/2000\/svg\"><path d=\"M143 352.3L7 216.3c-9.4-9.4-9.4-24.6 0-33.9l22.6-22.6c9.4-9.4 24.6-9.4 33.9 0l96.4 96.4 96.4-96.4c9.4-9.4 24.6-9.4 33.9 0l22.6 22.6c9.4 9.4 9.4 24.6 0 33.9l-136 136c-9.2 9.4-24.4 9.4-33.8 0z\"><\/path><\/svg><\/span>\n\t\t<\/span>\n\n\t\t\t\t\t\t<\/summary>\n\t\t\t\t<div role=\"region\" aria-labelledby=\"e-n-accordion-item-1721\" class=\"elementor-element elementor-element-681bfa3 e-grid e-con-boxed e-con e-child\" data-id=\"681bfa3\" data-element_type=\"container\" data-e-type=\"container\">\n\t\t\t\t\t<div class=\"e-con-inner\">\n\t\t\t\t<div class=\"elementor-element elementor-element-8e7e3b0 elementor-widget elementor-widget-text-editor\" data-id=\"8e7e3b0\" data-element_type=\"widget\" data-e-type=\"widget\" data-widget_type=\"text-editor.default\">\n\t\t\t\t\t\t\t\t\t<div id=\"accordion-1-c2\" class=\"accordion-content\" aria-hidden=\"false\"><div class=\"su-row\"><div class=\"su-column su-column-size-1-2\"><div class=\"su-column-inner su-u-clearfix su-u-trim\"><p><strong>Course objective<br \/><\/strong>In the Cave Course, divers venture up to 500 meters from the cave entrance. The maximum depth must not exceed 30 meters, and diving through siphons or narrow passages is not permitted.<\/p><p><img decoding=\"async\" class=\"alignnone wp-image-3783 size-full\" src=\"https:\/\/www.nauticteam.com\/wp-content\/uploads\/2021\/10\/200930_blue_hole_3267.jpg\" alt=\"h\u00f6hlen und grottentauchen beim nautic team in gozo - taucher in grotte\" width=\"2996\" height=\"1685\" \/><br \/><strong>Course content<br \/><\/strong>Theoretical Training: Safety standards, additional equipment, cave formation, dive planning and calculations, pressure equalization, physiology &amp; psychology of cave diving, cave maps &amp; behavior in low visibility, decompression, yo-yo diving, various cave diving techniques &amp; tool usage, environmental considerations, emergency management (rescue chain).<\/p><p>Practical Training: At least 6 dives in open water or cavern\/cave zone with scuba equipment, planning, execution &amp; safety procedures, equipment adjustment, proper guideline deployment &amp; attachment to the main line, diving without light along the main line, buddy rescue from the cave, and more.<\/p><\/div><\/div><\/div><\/div>\t\t\t\t\t\t\t\t<\/div>\n\t\t\t\t<div class=\"elementor-element elementor-element-472e743 elementor-widget elementor-widget-text-editor\" data-id=\"472e743\" data-element_type=\"widget\" data-e-type=\"widget\" data-widget_type=\"text-editor.default\">\n\t\t\t\t\t\t\t\t\t<p><strong>Requirements<\/strong><\/p><ul><li>Minimum 18 years old<\/li><li>Proof of Cavern Diver Certification<\/li><li>At least 75 dives and 4 cavern dives<\/li><li>Declaration of health and, if required, a diving medical certificate (see <a href=\"https:\/\/www.nauticteam.com\/en\/check-in\/\">here)<\/a><\/li><\/ul><p><strong>Course duration<br \/><\/strong>For the i.a.c. Cave Diver course, you should plan for approximately 4\u20135 days. In addition to theoretical training, we will conduct 6 dives.<\/p><p><strong>Included services:<br \/><\/strong>6 dives, transportation to dive sites from land, use of spool and reels, theory and certification included.<\/p><p style=\"text-align: right;\"><strong>Price: 775,00\u20ac per Person<br \/><\/strong>(plus rental equipment, if required)<\/p>\t\t\t\t\t\t\t\t<\/div>\n\t\t\t\t\t<\/div>\n\t\t\t\t<\/div>\n\t\t\t\t\t<\/details>\n\t\t\t\t\t<\/div>\n\t\t\t\t\t\t<\/div>\n\t\t\t\t<div class=\"elementor-element elementor-element-516b96e elementor-widget elementor-widget-spacer\" data-id=\"516b96e\" data-element_type=\"widget\" data-e-type=\"widget\" data-widget_type=\"spacer.default\">\n\t\t\t\t\t\t\t<div class=\"elementor-spacer\">\n\t\t\t<div class=\"elementor-spacer-inner\"><\/div>\n\t\t<\/div>\n\t\t\t\t\t\t<\/div>\n\t\t\t\t\t<\/div>\n\t\t\t\t<\/div>\n\t\t\t\t<\/div>","protected":false},"excerpt":{"rendered":"<p>H\u00f6hlentauchen i.a.c.\u00a0 Ausbildungsprogramm Der Eintritt in eine mystische Welt. H\u00f6hlentauchen auf Malta &amp; Gozo Das H\u00f6hlentauchen z\u00e4hlt zu den faszinierendsten und zugleich anspruchsvollsten Disziplinen im Tauchsport. Glasklares Wasser, spektakul\u00e4re Lichteffekte und geheimnisvolle Felsformationen machen die Unterwasserh\u00f6hlen rund um Gozo und Malta zu einem einzigartigen Erlebnis. Mit dem i.a.c. H\u00f6hlentauchen Programm begleiten wir dich Schritt f\u00fcr &#8230; <a title=\"i.a.c. Cave Diving\" class=\"read-more\" href=\"https:\/\/www.nauticteam.com\/en\/i-a-c-hoehlentauchen\/\" aria-label=\"Read more about i.a.c. H\u00f6hlentauchen\">Read more<\/a><\/p>","protected":false},"author":1,"featured_media":0,"parent":0,"menu_order":0,"comment_status":"closed","ping_status":"closed","template":"elementor_theme","meta":{"footnotes":""},"class_list":["post-6125","page","type-page","status-publish"],"_links":{"self":[{"href":"https:\/\/www.nauticteam.com\/en\/wp-json\/wp\/v2\/pages\/6125","targetHints":{"allow":["GET"]}}],"collection":[{"href":"https:\/\/www.nauticteam.com\/en\/wp-json\/wp\/v2\/pages"}],"about":[{"href":"https:\/\/www.nauticteam.com\/en\/wp-json\/wp\/v2\/types\/page"}],"author":[{"embeddable":true,"href":"https:\/\/www.nauticteam.com\/en\/wp-json\/wp\/v2\/users\/1"}],"replies":[{"embeddable":true,"href":"https:\/\/www.nauticteam.com\/en\/wp-json\/wp\/v2\/comments?post=6125"}],"version-history":[{"count":6,"href":"https:\/\/www.nauticteam.com\/en\/wp-json\/wp\/v2\/pages\/6125\/revisions"}],"predecessor-version":[{"id":90505,"href":"https:\/\/www.nauticteam.com\/en\/wp-json\/wp\/v2\/pages\/6125\/revisions\/90505"}],"wp:attachment":[{"href":"https:\/\/www.nauticteam.com\/en\/wp-json\/wp\/v2\/media?parent=6125"}],"curies":[{"name":"wp","href":"https:\/\/api.w.org\/{rel}","templated":true}]}}