{"id":6132,"date":"2024-12-13T15:31:07","date_gmt":"2024-12-13T14:31:07","guid":{"rendered":"http:\/\/localhost\/nautic.test\/wordpress\/?page_id=6132"},"modified":"2026-04-04T11:10:45","modified_gmt":"2026-04-04T09:10:45","slug":"tdi-ausbildungsprogramm","status":"publish","type":"page","link":"https:\/\/www.nauticteam.com\/en\/tdi-ausbildungsprogramm\/","title":{"rendered":"TDI Training Program"},"content":{"rendered":"<div data-elementor-type=\"wp-page\" data-elementor-id=\"6132\" class=\"elementor elementor-6132\">\n\t\t\t\t<div class=\"elementor-element elementor-element-a8e3784 e-flex e-con-boxed e-con e-parent\" data-id=\"a8e3784\" data-element_type=\"container\" data-e-type=\"container\">\n\t\t\t\t\t<div class=\"e-con-inner\">\n\t\t\t\t<div class=\"elementor-element elementor-element-fdc1c38 elementor-widget elementor-widget-text-editor\" data-id=\"fdc1c38\" data-element_type=\"widget\" data-e-type=\"widget\" data-widget_type=\"text-editor.default\">\n\t\t\t\t\t\t\t\t\t<h1 class=\"double\">TDI Training Program<\/h1><h6 class=\"double\">Immerse yourself in a world of adventure and learning, that will take you far beyond the basics of general scuba diving.<\/h6>\t\t\t\t\t\t\t\t<\/div>\n\t\t\t\t<div class=\"elementor-element elementor-element-36564bb elementor-widget elementor-widget-text-editor\" data-id=\"36564bb\" data-element_type=\"widget\" data-e-type=\"widget\" data-widget_type=\"text-editor.default\">\n\t\t\t\t\t\t\t\t\t<p>Our dive centre offers a wide range of courses that are accessible to all divers. From Intro to Tech, Advanced Nitrox or Decompression Procedures, expand your skills with our specialised courses and rediscover the fascinating underwater world. Our experienced instructors will guide you every step of the way, ensuring you are well prepared and ready to explore new depths safely.<\/p>\t\t\t\t\t\t\t\t<\/div>\n\t\t\t\t<div class=\"elementor-element elementor-element-42663bf elementor-widget elementor-widget-heading\" data-id=\"42663bf\" data-element_type=\"widget\" data-e-type=\"widget\" data-widget_type=\"heading.default\">\n\t\t\t\t\t<h2 class=\"elementor-heading-title elementor-size-default\">Here you will find an overview of our TDI courses:<\/h2>\t\t\t\t<\/div>\n\t\t\t\t<div class=\"elementor-element elementor-element-a4c2884 elementor-widget elementor-widget-n-accordion\" data-id=\"a4c2884\" data-element_type=\"widget\" data-e-type=\"widget\" data-settings=\"{&quot;default_state&quot;:&quot;all_collapsed&quot;,&quot;max_items_expended&quot;:&quot;one&quot;,&quot;n_accordion_animation_duration&quot;:{&quot;unit&quot;:&quot;ms&quot;,&quot;size&quot;:400,&quot;sizes&quot;:[]}}\" data-widget_type=\"nested-accordion.default\">\n\t\t\t\t\t\t\t<div class=\"e-n-accordion\" aria-label=\"Accordion. Open links with Enter or Space, close with Escape, and navigate with Arrow Keys\">\n\t\t\t\t\t\t<details id=\"e-n-accordion-item-1720\" class=\"e-n-accordion-item\" >\n\t\t\t\t<summary class=\"e-n-accordion-item-title\" data-accordion-index=\"1\" tabindex=\"0\" aria-expanded=\"false\" aria-controls=\"e-n-accordion-item-1720\" >\n\t\t\t\t\t<span class='e-n-accordion-item-title-header'><div class=\"e-n-accordion-item-title-text\"> TDI - Intro to Tech <\/div><\/span>\n\t\t\t\t\t\t\t<span class='e-n-accordion-item-title-icon'>\n\t\t\t<span class='e-opened' ><i aria-hidden=\"true\" class=\"icon icon-up-arrow1\"><\/i><\/span>\n\t\t\t<span class='e-closed'><svg aria-hidden=\"true\" class=\"e-font-icon-svg e-fas-angle-down\" viewbox=\"0 0 320 512\" xmlns=\"http:\/\/www.w3.org\/2000\/svg\"><path d=\"M143 352.3L7 216.3c-9.4-9.4-9.4-24.6 0-33.9l22.6-22.6c9.4-9.4 24.6-9.4 33.9 0l96.4 96.4 96.4-96.4c9.4-9.4 24.6-9.4 33.9 0l22.6 22.6c9.4 9.4 9.4 24.6 0 33.9l-136 136c-9.2 9.4-24.4 9.4-33.8 0z\"><\/path><\/svg><\/span>\n\t\t<\/span>\n\n\t\t\t\t\t\t<\/summary>\n\t\t\t\t<div role=\"region\" aria-labelledby=\"e-n-accordion-item-1720\" class=\"elementor-element elementor-element-01d2a13 e-grid e-con-boxed e-con e-child\" data-id=\"01d2a13\" data-element_type=\"container\" data-e-type=\"container\">\n\t\t\t\t\t<div class=\"e-con-inner\">\n\t\t\t\t<div class=\"elementor-element elementor-element-95ea8ef elementor-widget elementor-widget-text-editor\" data-id=\"95ea8ef\" data-element_type=\"widget\" data-e-type=\"widget\" data-widget_type=\"text-editor.default\">\n\t\t\t\t\t\t\t\t\t<div class=\"su-column su-column-size-1-2\"><div class=\"su-column-inner su-u-clearfix su-u-trim\"><p><b>Course objective<br \/><\/b>The Intro to Tech course is the foundation for technical diving. In theory you will learn the basics of equipment and dive planning. Practical sessions cover special equipment configurations, fin strokes, trim, position and skills. All exercises are practised not only in the prone position, but now with an increased focus on the buddy and his environment, so that all skills and abilities must be mastered in a controlled manner, under the diver's safe control, even in the event of unforeseen events.<\/p><p>The theoretical and practical content of this course is ideal preparation for the TDI Advanced Nitrox Diver and the TDI Decompression Procedures Diver. The maximum depth for this course is 23 metres.<\/p><p><img fetchpriority=\"high\" decoding=\"async\" class=\"alignnone wp-image-1582 size-full\" src=\"https:\/\/www.nauticteam.com\/wp-content\/uploads\/2016\/06\/TecFundamental.jpg\" alt=\"TecFundamental - tdi - technisches tauchen\" width=\"640\" height=\"426\" \/><\/p><p><strong>Course content<br \/><\/strong>This course provides an insight into dive planning, preparation, and selecting the appropriate equipment, as well as buddy checks and bubble checks, gas matching through mastery of S.T.A.R.T., trim, finning techniques, body positioning, and diving skills. It also includes a comprehensive demonstration of dive planning and execution.<\/p><\/div><\/div>\t\t\t\t\t\t\t\t<\/div>\n\t\t\t\t<div class=\"elementor-element elementor-element-d418511 elementor-widget elementor-widget-text-editor\" data-id=\"d418511\" data-element_type=\"widget\" data-e-type=\"widget\" data-widget_type=\"text-editor.default\">\n\t\t\t\t\t\t\t\t\t<div class=\"su-column su-column-size-1-2\"><div class=\"su-column-inner su-u-clearfix su-u-trim\"><p><b>Requirements<\/b><\/p><ul><li style=\"list-style-type: none;\"><ul><li>Minimum age: 18 years (15 years with parental consent)<\/li><li>Minimum certification: Open Water Scuba Diver or equivalent<\/li><li>Minimum of 25 open water dives<\/li><li>Declaration of health and, if required, a diving medical certificate (see <a href=\"https:\/\/www.nauticteam.com\/en\/check-in\/\">here)<\/a><\/li><\/ul><\/li><\/ul><p><b>Course duration<br \/><\/b>A minimum of 3 dives must be completed. All dives must be made to the depth of the diver's current certification level, but no dive should exceed 23 metres.<\/p><p>If the TDI Intro to Tech course is taught in conjunction with the Advanced Nitrox course, a total of 4 dives are required.<\/p><p>The minimum required duration for lessons and instruction is 6 hours.<\/p><p><strong>Permission<br \/><\/strong>Graduates are allowed to dive in a technical configuration without direct supervision, provided that:<br \/>\u2013 the diving activities align with those covered in the training.<br \/>\u2013 Upon successful completion of this course, the prerequisites for the following courses are met: TDI Advanced Nitrox Course, TDI Decompression Procedures Course.<\/p><p><strong>Included services:<br \/><\/strong>3 dives with TwinTanks, including wing and regulator, theory and certification.<\/p><p style=\"text-align: right;\"><strong>Price: 405,00\u20ac per Person<\/strong><\/p><\/div><\/div>\t\t\t\t\t\t\t\t<\/div>\n\t\t\t\t\t<\/div>\n\t\t\t\t<\/div>\n\t\t\t\t\t<\/details>\n\t\t\t\t\t\t<details id=\"e-n-accordion-item-1721\" class=\"e-n-accordion-item\" >\n\t\t\t\t<summary class=\"e-n-accordion-item-title\" data-accordion-index=\"2\" tabindex=\"-1\" aria-expanded=\"false\" aria-controls=\"e-n-accordion-item-1721\" >\n\t\t\t\t\t<span class='e-n-accordion-item-title-header'><div class=\"e-n-accordion-item-title-text\">  TDI - Decompression Procedure  <\/div><\/span>\n\t\t\t\t\t\t\t<span class='e-n-accordion-item-title-icon'>\n\t\t\t<span class='e-opened' ><i aria-hidden=\"true\" class=\"icon icon-up-arrow1\"><\/i><\/span>\n\t\t\t<span class='e-closed'><svg aria-hidden=\"true\" class=\"e-font-icon-svg e-fas-angle-down\" viewbox=\"0 0 320 512\" xmlns=\"http:\/\/www.w3.org\/2000\/svg\"><path d=\"M143 352.3L7 216.3c-9.4-9.4-9.4-24.6 0-33.9l22.6-22.6c9.4-9.4 24.6-9.4 33.9 0l96.4 96.4 96.4-96.4c9.4-9.4 24.6-9.4 33.9 0l22.6 22.6c9.4 9.4 9.4 24.6 0 33.9l-136 136c-9.2 9.4-24.4 9.4-33.8 0z\"><\/path><\/svg><\/span>\n\t\t<\/span>\n\n\t\t\t\t\t\t<\/summary>\n\t\t\t\t<div role=\"region\" aria-labelledby=\"e-n-accordion-item-1721\" class=\"elementor-element elementor-element-681bfa3 e-grid e-con-boxed e-con e-child\" data-id=\"681bfa3\" data-element_type=\"container\" data-e-type=\"container\">\n\t\t\t\t\t<div class=\"e-con-inner\">\n\t\t\t\t<div class=\"elementor-element elementor-element-8e7e3b0 elementor-widget elementor-widget-text-editor\" data-id=\"8e7e3b0\" data-element_type=\"widget\" data-e-type=\"widget\" data-widget_type=\"text-editor.default\">\n\t\t\t\t\t\t\t\t\t<div class=\"su-column su-column-size-1-2\"><div class=\"su-column-inner su-u-clearfix su-u-trim\"><p><b>Course objective<br \/><\/b>This course covers the theory, methods, and practice of decompression diving. It is designed as a standalone course or can be completed in conjunction with the TDI Advanced Nitrox and TDI Sidemount courses. The objective of this course is to teach divers how to plan and conduct a standardized decompression dive to a maximum depth of 45 meters. The most common equipment requirements, gear configuration, and decompression techniques will be introduced. Students are allowed to use enriched air nitrox (EAN) or oxygen for decompression, provided the gas mixture is within their current certification level.<\/p><p><img decoding=\"async\" class=\"alignnone size-full wp-image-1584\" src=\"https:\/\/www.nauticteam.com\/wp-content\/uploads\/2016\/06\/TRIMIX60.jpg\" alt=\"Tec Taucher auf Tiefe in Malta\" width=\"640\" height=\"426\" \/><\/p><p>\u00a0<\/p><p><b>Course content<br \/><\/b>This course covers the planning of decompression dives, tables vs. personal dive computers, emergency and contingency planning (equipment failure, missed decompression, etc.), decompression procedures, pre-dive checks and drills, stress analysis and mitigation based on a decompression plan, gas switching, team awareness and communication, SMB\/lift bag deployment, proper trim, buoyancy, and finning techniques, emergency procedures (equipment failures, gas loss, missed decompression, navigation errors, etc.), equipment considerations, tank labeling, nitrox mixture analysis, and gas blending procedures.<\/p><\/div><\/div>\t\t\t\t\t\t\t\t<\/div>\n\t\t\t\t<div class=\"elementor-element elementor-element-472e743 elementor-widget elementor-widget-text-editor\" data-id=\"472e743\" data-element_type=\"widget\" data-e-type=\"widget\" data-widget_type=\"text-editor.default\">\n\t\t\t\t\t\t\t\t\t<div class=\"su-column su-column-size-1-2\"><div class=\"su-column-inner su-u-clearfix su-u-trim\"><p><b>Requirements<br \/><\/b><\/p><ul><li style=\"list-style-type: none;\"><ul><li>Minimum 18 years old<\/li><li>Minimum certification: SDI Advanced Adventure Diver, Advanced Diver, or equivalent.<\/li><li>Proof of 25 logged open water dives.<\/li><li>Declaration of health and, if required, a diving medical certificate (see <a href=\"https:\/\/www.nauticteam.com\/en\/check-in\/\">here)<\/a><\/li><\/ul><\/li><\/ul><p><b>Course duration<br \/><\/b>Four dives are required, two of which must be deeper than 30 metres.<\/p><p>If the Decompression Procedures course is taught in conjunction with the Advanced Nitrox course, a total of 6 dives is required.<\/p><p>The minimum required duration for lessons and instruction is 6 hours.<\/p><p><strong>Permission<br \/><\/strong>Graduates are allowed to conduct decompression dives up to 45 meters without direct supervision, provided that:<br \/>\u2013 the diving activities align with those covered in the training.<br \/>\u2013 the scope of activities aligns with the training received.<br \/>\u2013 the environmental conditions are similar to those of the course.<\/p><p>Upon successful completion of this course, the prerequisites for the following courses are met: TDI Advanced Nitrox Course, TDI Extended Range Course, TDI Advanced Wreck Course, TDI Trimix Course.<\/p><p><strong>Included services:<br \/><\/strong>4 dives with TwinTanks\/sidemount including stages and regulators, theory and certification<\/p><p style=\"text-align: right;\"><strong>Price: 550,00\u20ac per Person<br \/><\/strong><\/p><\/div><\/div>\t\t\t\t\t\t\t\t<\/div>\n\t\t\t\t\t<\/div>\n\t\t\t\t<\/div>\n\t\t\t\t\t<\/details>\n\t\t\t\t\t\t<details id=\"e-n-accordion-item-1722\" class=\"e-n-accordion-item\" >\n\t\t\t\t<summary class=\"e-n-accordion-item-title\" data-accordion-index=\"3\" tabindex=\"-1\" aria-expanded=\"false\" aria-controls=\"e-n-accordion-item-1722\" >\n\t\t\t\t\t<span class='e-n-accordion-item-title-header'><div class=\"e-n-accordion-item-title-text\"> TDI - Advanced Nitrox <\/div><\/span>\n\t\t\t\t\t\t\t<span class='e-n-accordion-item-title-icon'>\n\t\t\t<span class='e-opened' ><i aria-hidden=\"true\" class=\"icon icon-up-arrow1\"><\/i><\/span>\n\t\t\t<span class='e-closed'><svg aria-hidden=\"true\" class=\"e-font-icon-svg e-fas-angle-down\" viewbox=\"0 0 320 512\" xmlns=\"http:\/\/www.w3.org\/2000\/svg\"><path d=\"M143 352.3L7 216.3c-9.4-9.4-9.4-24.6 0-33.9l22.6-22.6c9.4-9.4 24.6-9.4 33.9 0l96.4 96.4 96.4-96.4c9.4-9.4 24.6-9.4 33.9 0l22.6 22.6c9.4 9.4 9.4 24.6 0 33.9l-136 136c-9.2 9.4-24.4 9.4-33.8 0z\"><\/path><\/svg><\/span>\n\t\t<\/span>\n\n\t\t\t\t\t\t<\/summary>\n\t\t\t\t<div role=\"region\" aria-labelledby=\"e-n-accordion-item-1722\" class=\"elementor-element elementor-element-b806501 e-grid e-con-boxed e-con e-child\" data-id=\"b806501\" data-element_type=\"container\" data-e-type=\"container\">\n\t\t\t\t\t<div class=\"e-con-inner\">\n\t\t\t\t<div class=\"elementor-element elementor-element-0d54397 elementor-widget elementor-widget-text-editor\" data-id=\"0d54397\" data-element_type=\"widget\" data-e-type=\"widget\" data-widget_type=\"text-editor.default\">\n\t\t\t\t\t\t\t\t\t<div class=\"su-column su-column-size-1-2\"><div class=\"su-column-inner su-u-clearfix su-u-trim\"><p><b>Course objective<br \/><\/b>This course is designed for the use of EAN 21 to 100 percent oxygen for BestMix blends at depths of up to 40 meters. The objective of this course is to qualify divers in the benefits, hazards, and proper procedures for using EAN 21 to 100 percent oxygen for dives that do not require staged decompression. The TDI Advanced Nitrox course is also a prerequisite for SCR or CCR divers.<\/p><p><img decoding=\"async\" class=\"alignnone size-full wp-image-1581\" src=\"https:\/\/www.nauticteam.com\/wp-content\/uploads\/2016\/06\/TECAdvanced.jpg\" alt=\"\" width=\"640\" height=\"426\" \/><\/p><p>\u00a0<\/p><p><strong>Course content<br \/><\/strong>TDI Advanced Nitrox picks up where TDI Nitrox left off, providing a deeper insight into diving with nitrox. This includes physics and physiology related to diving with gas mixtures containing more than 40% oxygen. Topics covered include gas planning, dive tables, dive computers, oxygen limits, nitrogen limits, equipment procedures, tank labeling, nitrox mixture analysis, blending methods, and the necessary procedures for using equipment with mixtures containing more than 40% oxygen.<\/p><\/div><\/div>\t\t\t\t\t\t\t\t<\/div>\n\t\t\t\t<div class=\"elementor-element elementor-element-615dfd1 elementor-widget elementor-widget-text-editor\" data-id=\"615dfd1\" data-element_type=\"widget\" data-e-type=\"widget\" data-widget_type=\"text-editor.default\">\n\t\t\t\t\t\t\t\t\t<div class=\"su-column su-column-size-1-2\"><div class=\"su-column-inner su-u-clearfix su-u-trim\"><div class=\"su-column su-column-size-1-2\"><div class=\"su-column-inner su-u-clearfix su-u-trim\"><p><b>Requirements<br \/><\/b><\/p><ul><li style=\"list-style-type: none;\"><ul><li>Minimum18 years old (15 with written consent from a parent or legal guardian).<\/li><li>Minimum certification: TDI Nitrox Diver or equivalent.<\/li><li>Proof of at least 25 logged dives.<\/li><li>Declaration of health and, if required, a diving medical certificate (see <a href=\"https:\/\/www.nauticteam.com\/en\/check-in\/\">here)<\/a><\/li><\/ul><\/li><\/ul><p><b>Course duration<br \/><\/b>4 dives are required with a cumulative minimum bottom time of 100 minutes.<\/p><p>If the Advanced Nitrox course is completed in conjunction with the Decompression Procedures course, a total of 6 dives is required, with a maximum depth of 45 meters<\/p><p>The minimum required duration for lessons and instruction is 6 hours.<\/p><p><strong>Permission<br \/><\/strong>Graduates are allowed to conduct dives using EAN 21 to 100 percent oxygen without direct supervision, provided that:<br \/>\u2013 the diving activities align with those covered in the training.<br \/>\u2013 the scope of activities aligns with the training received.<br \/>\u2013 the environmental conditions are similar to those of the course.<\/p><p>\u2013 Upon successful completion of this course, the prerequisites for the following course are met: TDI Decompression Procedures Course.<\/p><p><strong>Included services:<br \/><\/strong>4 dives with TwinTanks\/sidemount including stages and regulators, gases, theory and certification<\/p><p style=\"text-align: right;\"><strong>Price: 470,00\u20ac per Person<\/strong><\/p><\/div><\/div><\/div><\/div>\t\t\t\t\t\t\t\t<\/div>\n\t\t\t\t\t<\/div>\n\t\t\t\t<\/div>\n\t\t\t\t\t<\/details>\n\t\t\t\t\t\t<details id=\"e-n-accordion-item-1723\" class=\"e-n-accordion-item\" >\n\t\t\t\t<summary class=\"e-n-accordion-item-title\" data-accordion-index=\"4\" tabindex=\"-1\" aria-expanded=\"false\" aria-controls=\"e-n-accordion-item-1723\" >\n\t\t\t\t\t<span class='e-n-accordion-item-title-header'><div class=\"e-n-accordion-item-title-text\">  TDI - Sidemount <\/div><\/span>\n\t\t\t\t\t\t\t<span class='e-n-accordion-item-title-icon'>\n\t\t\t<span class='e-opened' ><i aria-hidden=\"true\" class=\"icon icon-up-arrow1\"><\/i><\/span>\n\t\t\t<span class='e-closed'><svg aria-hidden=\"true\" class=\"e-font-icon-svg e-fas-angle-down\" viewbox=\"0 0 320 512\" xmlns=\"http:\/\/www.w3.org\/2000\/svg\"><path d=\"M143 352.3L7 216.3c-9.4-9.4-9.4-24.6 0-33.9l22.6-22.6c9.4-9.4 24.6-9.4 33.9 0l96.4 96.4 96.4-96.4c9.4-9.4 24.6-9.4 33.9 0l22.6 22.6c9.4 9.4 9.4 24.6 0 33.9l-136 136c-9.2 9.4-24.4 9.4-33.8 0z\"><\/path><\/svg><\/span>\n\t\t<\/span>\n\n\t\t\t\t\t\t<\/summary>\n\t\t\t\t<div role=\"region\" aria-labelledby=\"e-n-accordion-item-1723\" class=\"elementor-element elementor-element-a1a74b3 e-grid e-con-boxed e-con e-child\" data-id=\"a1a74b3\" data-element_type=\"container\" data-e-type=\"container\">\n\t\t\t\t\t<div class=\"e-con-inner\">\n\t\t\t\t<div class=\"elementor-element elementor-element-4b9f292 elementor-widget elementor-widget-text-editor\" data-id=\"4b9f292\" data-element_type=\"widget\" data-e-type=\"widget\" data-widget_type=\"text-editor.default\">\n\t\t\t\t\t\t\t\t\t<div class=\"su-column su-column-size-1-2\"><div class=\"su-column-inner su-u-clearfix su-u-trim\"><div class=\"su-column su-column-size-1-2\"><div class=\"su-column-inner su-u-clearfix su-u-trim\"><p><b>Course objective<br \/><\/b>This course is designed for divers who want to further develop their in-water skills and techniques. It is also aimed at divers looking to advance their technical diving education and expand their equipment configuration options.<\/p><p><img loading=\"lazy\" decoding=\"async\" class=\"alignnone wp-image-3885 size-full\" src=\"https:\/\/www.nauticteam.com\/wp-content\/uploads\/2021\/10\/10264562_10201865487180187_1366732833_n.jpg\" alt=\"\" width=\"960\" height=\"640\" \/><\/p><p><strong>Course content<br \/><\/strong>In this course, you will learn more about gas management, equipment, communication, and problem-solving in a sidemount configuration. Additionally, you will develop skills for navigating tight spaces and gain insights into water entry and exit techniques with sidemounts. You will master frog kick, back kick, helicopter turns, and more at a demonstration level. Ultimately, you will acquire the ability to safely manage gas in independent tanks.<\/p><\/div><\/div><\/div><\/div>\t\t\t\t\t\t\t\t<\/div>\n\t\t\t\t<div class=\"elementor-element elementor-element-34bd341 elementor-widget elementor-widget-text-editor\" data-id=\"34bd341\" data-element_type=\"widget\" data-e-type=\"widget\" data-widget_type=\"text-editor.default\">\n\t\t\t\t\t\t\t\t\t<div class=\"su-column su-column-size-1-2\"><div class=\"su-column-inner su-u-clearfix su-u-trim\"><div class=\"su-column su-column-size-1-2\"><div class=\"su-column-inner su-u-clearfix su-u-trim\"><p><b>Requirements<\/b><\/p><ul><li style=\"list-style-type: none;\"><ul><li>Minimum 18 years old<\/li><li>Minimum certification: SDI Open Water Scuba Diver or equivalent<\/li><li>Declaration of health and, if required, a diving medical certificate (see <a href=\"https:\/\/www.nauticteam.com\/en\/check-in\/\">here)<\/a><\/li><\/ul><\/li><\/ul><p><b>Course duration<br \/><\/b>At least 3 dives must be completed with a cumulative bottom time of 90 minutes.<\/p><p>If the TDI Sidemount course is taught in conjunction with the Advanced Nitrox course, a total of 4 dives is required.<\/p><p>The minimum required duration for lessons and instruction is 4 hours.<\/p><p><strong>Permission<br \/><\/strong>Graduates are allowed to conduct dives without direct supervision, provided that:<br \/>\u2013 the diving activities align with those covered in the training.<br \/>\u2013 the scope of activities aligns with the training received.<br \/>\u2013 the planned dives do not exceed the diver's current certification level.<\/p><p><strong>Included services:<br \/><\/strong>3 dives in sidemount configuration, including sidemount harness and regulator set, theory and certification<\/p><p style=\"text-align: right;\"><strong>Price: 420,00\u20ac per Person<\/strong><\/p><\/div><\/div><\/div><\/div>\t\t\t\t\t\t\t\t<\/div>\n\t\t\t\t\t<\/div>\n\t\t\t\t<\/div>\n\t\t\t\t\t<\/details>\n\t\t\t\t\t\t<details id=\"e-n-accordion-item-1724\" class=\"e-n-accordion-item\" >\n\t\t\t\t<summary class=\"e-n-accordion-item-title\" data-accordion-index=\"5\" tabindex=\"-1\" aria-expanded=\"false\" aria-controls=\"e-n-accordion-item-1724\" >\n\t\t\t\t\t<span class='e-n-accordion-item-title-header'><div class=\"e-n-accordion-item-title-text\"> Course Combinations <\/div><\/span>\n\t\t\t\t\t\t\t<span class='e-n-accordion-item-title-icon'>\n\t\t\t<span class='e-opened' ><i aria-hidden=\"true\" class=\"icon icon-up-arrow1\"><\/i><\/span>\n\t\t\t<span class='e-closed'><svg aria-hidden=\"true\" class=\"e-font-icon-svg e-fas-angle-down\" viewbox=\"0 0 320 512\" xmlns=\"http:\/\/www.w3.org\/2000\/svg\"><path d=\"M143 352.3L7 216.3c-9.4-9.4-9.4-24.6 0-33.9l22.6-22.6c9.4-9.4 24.6-9.4 33.9 0l96.4 96.4 96.4-96.4c9.4-9.4 24.6-9.4 33.9 0l22.6 22.6c9.4 9.4 9.4 24.6 0 33.9l-136 136c-9.2 9.4-24.4 9.4-33.8 0z\"><\/path><\/svg><\/span>\n\t\t<\/span>\n\n\t\t\t\t\t\t<\/summary>\n\t\t\t\t<div role=\"region\" aria-labelledby=\"e-n-accordion-item-1724\" class=\"elementor-element elementor-element-b2f9d4b e-flex e-con-boxed e-con e-child\" data-id=\"b2f9d4b\" data-element_type=\"container\" data-e-type=\"container\">\n\t\t\t\t\t<div class=\"e-con-inner\">\n\t\t\t\t<div class=\"elementor-element elementor-element-672a489 elementor-widget elementor-widget-text-editor\" data-id=\"672a489\" data-element_type=\"widget\" data-e-type=\"widget\" data-widget_type=\"text-editor.default\">\n\t\t\t\t\t\t\t\t\t<div><table class=\"uk-table uk-table-striped uk-table-condensed uk-table-hover uk-table-justify\">\n<tbody>\n<tr>\n<td>Sidemount + Advanced Nitrox<\/td>\n<td>4 dives<\/td>\n<td style=\"text-align: right;\">635 \u20ac<\/td>\n<\/tr>\n<tr>\n<td>Advanced Nitrox + Deco Pro<\/td>\n<td>6 dives<\/td>\n<td style=\"text-align: right;\">890 \u20ac<\/td>\n<\/tr>\n<tr>\n<td>Sidemount + Advanced Nitrox + Deco Pro<\/td>\n<td>8 dives<\/td>\n<td style=\"text-align: right;\">1180 \u20ac<\/td>\n<\/tr>\n<\/tbody>\n<\/table><\/div>\t\t\t\t\t\t\t\t<\/div>\n\t\t\t\t\t<\/div>\n\t\t\t\t<\/div>\n\t\t\t\t\t<\/details>\n\t\t\t\t\t<\/div>\n\t\t\t\t\t\t<\/div>\n\t\t\t\t<div class=\"elementor-element elementor-element-66bf168 elementor-widget elementor-widget-spacer\" data-id=\"66bf168\" data-element_type=\"widget\" data-e-type=\"widget\" data-widget_type=\"spacer.default\">\n\t\t\t\t\t\t\t<div class=\"elementor-spacer\">\n\t\t\t<div class=\"elementor-spacer-inner\"><\/div>\n\t\t<\/div>\n\t\t\t\t\t\t<\/div>\n\t\t\t\t\t<\/div>\n\t\t\t\t<\/div>\n\t\t\t\t<\/div>","protected":false},"excerpt":{"rendered":"<p>TDI Ausbildungsprogramm Tauche ein in eine Welt voller Abenteuer und Lernen, die weit \u00fcber die Grundlagen des allgemeinen Tauchens hinausgeht. Unsere Tauchschule bietet ein umfangreiches Kursangebot, das f\u00fcr alle Taucher zug\u00e4nglich ist. Ob Intro to Tech, Advanced Nitrox oder Decompression Procedure \u2013 erweitere deine F\u00e4higkeiten mit unserem spezialisierten Kursen und entdecke die faszinierende Unterwasserwelt neu. &#8230; <a title=\"TDI Training Program\" class=\"read-more\" href=\"https:\/\/www.nauticteam.com\/en\/tdi-ausbildungsprogramm\/\" aria-label=\"Read more about TDI Ausbildungsprogramm\">Read more<\/a><\/p>","protected":false},"author":1,"featured_media":0,"parent":0,"menu_order":0,"comment_status":"closed","ping_status":"closed","template":"elementor_theme","meta":{"footnotes":""},"class_list":["post-6132","page","type-page","status-publish"],"_links":{"self":[{"href":"https:\/\/www.nauticteam.com\/en\/wp-json\/wp\/v2\/pages\/6132","targetHints":{"allow":["GET"]}}],"collection":[{"href":"https:\/\/www.nauticteam.com\/en\/wp-json\/wp\/v2\/pages"}],"about":[{"href":"https:\/\/www.nauticteam.com\/en\/wp-json\/wp\/v2\/types\/page"}],"author":[{"embeddable":true,"href":"https:\/\/www.nauticteam.com\/en\/wp-json\/wp\/v2\/users\/1"}],"replies":[{"embeddable":true,"href":"https:\/\/www.nauticteam.com\/en\/wp-json\/wp\/v2\/comments?post=6132"}],"version-history":[{"count":6,"href":"https:\/\/www.nauticteam.com\/en\/wp-json\/wp\/v2\/pages\/6132\/revisions"}],"predecessor-version":[{"id":90706,"href":"https:\/\/www.nauticteam.com\/en\/wp-json\/wp\/v2\/pages\/6132\/revisions\/90706"}],"wp:attachment":[{"href":"https:\/\/www.nauticteam.com\/en\/wp-json\/wp\/v2\/media?parent=6132"}],"curies":[{"name":"wp","href":"https:\/\/api.w.org\/{rel}","templated":true}]}}